{"id":384,"date":"2024-01-30T19:25:50","date_gmt":"2024-01-30T18:25:50","guid":{"rendered":"https:\/\/siris.geekworkers.dev\/?page_id=384"},"modified":"2026-02-18T19:43:42","modified_gmt":"2026-02-18T18:43:42","slug":"assurez-vos-certifications-iso-ou-autres","status":"publish","type":"page","link":"https:\/\/sirisplus.com\/nl\/assurez-vos-certifications-iso-ou-autres\/","title":{"rendered":"Zorg ervoor dat uw ISO- of andere certificeringen"},"content":{"rendered":"<div data-elementor-type=\"wp-page\" data-elementor-id=\"384\" class=\"elementor elementor-384\" data-elementor-post-type=\"page\">\n\t\t\t\t<div class=\"elementor-element elementor-element-d3e5d94 e-flex e-con-boxed e-con e-parent\" data-id=\"d3e5d94\" data-element_type=\"container\" data-e-type=\"container\" data-settings=\"{&quot;background_background&quot;:&quot;classic&quot;,&quot;jet_parallax_layout_list&quot;:[]}\">\n\t\t\t\t\t<div class=\"e-con-inner\">\n\t\t\t\t<div class=\"elementor-element elementor-element-defc290 elementor-view-stacked elementor-shape-circle elementor-widget elementor-widget-icon\" data-id=\"defc290\" data-element_type=\"widget\" data-e-type=\"widget\" data-widget_type=\"icon.default\">\n\t\t\t\t<div class=\"elementor-widget-container\">\n\t\t\t\t\t\t\t<div class=\"elementor-icon-wrapper\">\n\t\t\t<div class=\"elementor-icon\">\n\t\t\t<svg xmlns=\"http:\/\/www.w3.org\/2000\/svg\" xmlns:xlink=\"http:\/\/www.w3.org\/1999\/xlink\" fill=\"#5d92fd\" height=\"64px\" width=\"64px\" id=\"Layer_1\" viewbox=\"0 0 475 475\" xml:space=\"preserve\" stroke=\"#5d92fd\"><g id=\"SVGRepo_bgCarrier\" stroke-width=\"0\"><\/g><g id=\"SVGRepo_tracerCarrier\" stroke-linecap=\"round\" stroke-linejoin=\"round\"><\/g><g id=\"SVGRepo_iconCarrier\"> <g transform=\"translate(0 -540.36)\"> <g> <g> <path d=\"M79.5,720.86c0,4.1,3.4,7.5,7.5,7.5h301c4.2,0,7.6-3.4,7.6-7.5s-3.4-7.5-7.5-7.5H87C82.9,713.36,79.5,716.76,79.5,720.86 z\"><\/path> <path d=\"M237.5,907.26H87c-4.1,0-7.5,3.4-7.5,7.5s3.4,7.5,7.5,7.5h150.5c4.1,0,7.5-3.4,7.5-7.5S241.6,907.26,237.5,907.26z\"><\/path> <path d=\"M388,951.46h-56.9c-4.1,0-7.5,3.4-7.5,7.5s3.4,7.5,7.5,7.5H388c4.2,0,7.5-3.4,7.5-7.5S392.1,951.46,388,951.46z\"><\/path> <path d=\"M432.5,540.36h-390c-4.1,0-7.5,3.4-7.5,7.5v460c0,4.1,3.4,7.5,7.5,7.5h390c4.1,0,7.5-3.4,7.5-7.5v-460 C440,543.76,436.6,540.36,432.5,540.36z M94.5,555.36H163v99.3l-28.7-26.9c-2.9-2.7-7.3-2.7-10.2,0l-29.6,27.1V555.36z M425.1,1000.36H425H50v-445h29.5v116.6c0,3,1.8,5.7,4.5,6.9s5.9,0.7,8.1-1.4l37-34.1l36.3,34c1.4,1.3,3.3,2,5.1,2 c1,0,2-0.2,3-0.6c2.7-1.2,4.5-3.9,4.5-6.9v-116.6h247.1V1000.36z\"><\/path> <path d=\"M388.1,752.16H87c-4.1,0-7.5,3.4-7.5,7.5s3.4,7.5,7.5,7.5h301c4.2,0,7.6-3.4,7.6-7.5S392.2,752.16,388.1,752.16z\"><\/path> <path d=\"M388.1,790.96H87c-4.1,0-7.5,3.4-7.5,7.5s3.4,7.5,7.5,7.5h301c4.2,0,7.6-3.4,7.6-7.5S392.2,790.96,388.1,790.96z\"><\/path> <path d=\"M388.1,829.66H87c-4.1,0-7.5,3.4-7.5,7.5s3.4,7.5,7.5,7.5h301c4.2,0,7.6-3.4,7.6-7.5S392.2,829.66,388.1,829.66z\"><\/path> <path d=\"M388.1,868.46H87c-4.1,0-7.5,3.4-7.5,7.5s3.4,7.5,7.5,7.5h301c4.2,0,7.6-3.4,7.6-7.5S392.2,868.46,388.1,868.46z\"><\/path> <\/g> <\/g> <\/g> <\/g><\/svg>\t\t\t<\/div>\n\t\t<\/div>\n\t\t\t\t\t\t<\/div>\n\t\t\t\t<\/div>\n\t\t\t\t<div class=\"elementor-element elementor-element-e028009 elementor-widget elementor-widget-heading\" data-id=\"e028009\" data-element_type=\"widget\" data-e-type=\"widget\" data-widget_type=\"heading.default\">\n\t\t\t\t<div class=\"elementor-widget-container\">\n\t\t\t\t\t<h1 class=\"elementor-heading-title elementor-size-default\">Zorg ervoor dat uw ISO- of andere certificeringen<\/h1>\t\t\t\t<\/div>\n\t\t\t\t<\/div>\n\t\t\t\t\t<\/div>\n\t\t\t\t<\/div>\n\t\t<div class=\"elementor-element elementor-element-10ba900 e-flex e-con-boxed e-con e-parent\" data-id=\"10ba900\" data-element_type=\"container\" data-e-type=\"container\" data-settings=\"{&quot;jet_parallax_layout_list&quot;:[]}\">\n\t\t\t\t\t<div class=\"e-con-inner\">\n\t\t\t\t<div class=\"elementor-element elementor-element-518065a elementor-widget elementor-widget-heading\" data-id=\"518065a\" data-element_type=\"widget\" data-e-type=\"widget\" data-widget_type=\"heading.default\">\n\t\t\t\t<div class=\"elementor-widget-container\">\n\t\t\t\t\t<h2 class=\"elementor-heading-title elementor-size-default\">Met SIRIS+ kunt u al uw certificeringsaudits met succes doorstaan en uw managementsysteem effectief beheren.<\/h2>\t\t\t\t<\/div>\n\t\t\t\t<\/div>\n\t\t\t\t<div class=\"elementor-element elementor-element-5be6c4a elementor-align-center elementor-widget elementor-widget-button\" data-id=\"5be6c4a\" data-element_type=\"widget\" data-e-type=\"widget\" data-widget_type=\"button.default\">\n\t\t\t\t<div class=\"elementor-widget-container\">\n\t\t\t\t\t\t\t\t\t<div class=\"elementor-button-wrapper\">\n\t\t\t\t\t<a class=\"elementor-button elementor-button-link elementor-size-sm\" href=\"https:\/\/sirisplus.com\/nl\">\n\t\t\t\t\t\t<span class=\"elementor-button-content-wrapper\">\n\t\t\t\t\t\t\t\t\t<span class=\"elementor-button-text\">Terug naar huis<\/span>\n\t\t\t\t\t<\/span>\n\t\t\t\t\t<\/a>\n\t\t\t\t<\/div>\n\t\t\t\t\t\t\t\t<\/div>\n\t\t\t\t<\/div>\n\t\t\t\t<div class=\"elementor-element elementor-element-a283720 elementor-widget elementor-widget-text-editor\" data-id=\"a283720\" data-element_type=\"widget\" data-e-type=\"widget\" data-widget_type=\"text-editor.default\">\n\t\t\t\t<div class=\"elementor-widget-container\">\n\t\t\t\t\t\t\t\t\t<p><b>ISO 9001, EFQM, eduQua en andere certificeringen: De kwaliteit van uw producten en diensten met SIRIS+.<\/b><\/p>\n<p>Is de kwaliteit van uw producten en diensten een van uw topprioriteiten? Bent u op zoek naar manieren om de kwaliteit van uw producten en diensten voortdurend en pragmatisch te verbeteren?&nbsp;<strong>klanttevredenheid<\/strong>&nbsp;?&nbsp;<\/p>\n<p>Met SIRIS+ beschik je over alle tools die je nodig hebt om je continue verbetering te structureren in lijn met best practices (ISO 9001, EFQM, enz.), inclusief :<\/p>\n<ul>\n<li>Analyse van&nbsp;<strong>heeft  nodig&nbsp;<\/strong>van uw<strong>&nbsp;belanghebbende partijen<\/strong>&nbsp;klanten, personeel, leveranciers, investeerders, enz. (<em>stakeholdermanagement<\/em>)<\/li>\n<li>Analyse van&nbsp;<strong>risico's<\/strong>&nbsp;en&nbsp;<strong>mogelijkheden<\/strong>&nbsp;voor uw bedrijf<\/li>\n<li><strong>Modelleren<\/strong>&nbsp;en&nbsp;<strong>automatisering<\/strong>&nbsp;van uw&nbsp;<strong>interne processen<\/strong>bijvoorbeeld in de vorm van een BPMN stroomdiagram<\/li>\n<li>Bewaking&nbsp;<strong>preventieve en corrigerende maatregelen<\/strong>&nbsp;bijvoorbeeld in geval van niet-naleving of een klacht<\/li>\n<li><strong>Dashboard<\/strong>&nbsp;visueel (<em>dashboard<\/em>&nbsp;met aanpasbare indicatoren) die je een overzicht geeft van de kwaliteit van je producten en\/of diensten en de gebieden die voor verbetering vatbaar zijn.<\/li>\n<li>Audits van uw&nbsp;<strong>leveranciers<\/strong><\/li>\n<li>... en meer!<\/li>\n<\/ul>\n<div>&nbsp;<\/div>\n<div>\n<p><b>ISO 45001 en andere certificeringen: Gezondheid en veiligheid voor uw personeel en derden met SIRIS+.<\/b><\/p>\n<p>Het managen van gezondheid en veiligheid is van groot belang voor bedrijven. Het beschermen van de gezondheid en veiligheid van uw klanten, personeel en partners is goed voor uw organisatie, zowel in menselijk opzicht als op het gebied van regelgeving en zelfs financieel. Het ontwikkelen van een positieve veiligheidscultuur op de werkplek levert voordelen op in termen van effici\u00ebntie, tijdsbesparing en een positief imago, zowel intern als extern.<\/p>\n<p>Met SIRIS+ kunt u uw hele systeem voor gezondheids- en veiligheidsbeheer beheren:<\/p>\n<ul style=\"font-size: 16px; background-color: #ffffff;\">\n<li style=\"font-size: 16px;\"><span style=\"font-weight: bold;\">Gevarenportefeuille<\/span>&nbsp;(methode kan worden geconfigureerd volgens uw eigen methodologie of volgens een erkende methode zoals SUVA-methode nr. 66105.f)<\/li>\n<li style=\"font-size: 16px;\"><span style=\"font-weight: bold;\">Risicoanalyse<\/span>&nbsp;(deze methode kan worden geconfigureerd volgens uw eigen methodologie of volgens een erkende methode zoals SUVA-methode nr. 66099.f)<\/li>\n<li style=\"font-size: 16px;\"><span style=\"font-weight: bold;\">Beheer van apparatuur<\/span>&nbsp;(inventaris, controles)<\/li>\n<li style=\"font-size: 16px;\">beheren&nbsp;<span style=\"font-weight: bold;\">goedkeuringen<\/span>&nbsp;regelgeving<\/li>\n<li style=\"font-size: 16px;\">Beheer van chemicali\u00ebn<\/li>\n<li style=\"font-size: 16px;\">Beheer van&nbsp;<span style=\"font-weight: bold;\">persoonlijke beschermingsmiddelen<\/span>&nbsp;(EPI)&nbsp;<\/li>\n<li style=\"font-size: 16px;\"><span style=\"font-weight: bold;\">Veiligheidsinspecties&nbsp;<\/span>(participatieve veiligheid, gedragsmatige veiligheid)<\/li>\n<li style=\"font-size: 16px;\">... en nog veel meer!<\/li>\n<\/ul>\n<p><b style=\"text-align: var(--text-align); color: var( --e-global-color-text ); font-family: var( --e-global-typography-text-font-family ), Sans-serif; font-size: var( --e-global-typography-text-font-size ); text-transform: var( --e-global-typography-text-text-transform );\">&nbsp;<\/b><\/p>\n<p><b>ISO 14001 en andere certificeringen: Duurzaamheidsbeheer met SIRIS+<\/b><\/p>\n<p>Organisaties op een duurzame manier leiden is vandaag de dag een belangrijk thema voor organisaties. Activiteiten echt duurzaam maken maakt deel uit van veranderingsmanagement. Het vereist een gestructureerde en participatieve aanpak.<\/p>\n<p>Maar wat is duurzaamheid precies? Volgens het Brundtland Rapport (1987) is het een ontwikkeling die voorziet in de behoeften van het heden zonder het vermogen van toekomstige generaties om in hun eigen behoeften te voorzien in gevaar te brengen.<br>Met SIRIS+ bestrijkt u de hele cyclus van voortdurende verbetering op het gebied van duurzaamheid, in overeenstemming met ISO 26000 en ISO 14001 best practices:<\/p>\n<ul style=\"font-size: 16px; background-color: #ffffff;\">\n<li style=\"font-size: 16px;\">Analyse en beoordeling van&nbsp;<span style=\"font-weight: bold;\">milieueffecten<\/span><\/li>\n<li style=\"font-size: 16px;\">Identificatie van belangrijke milieueffecten<\/li>\n<li style=\"font-size: 16px;\">Analyse en beoordeling van&nbsp;<span style=\"font-weight: bold;\">maatschappelijke effecten<\/span><\/li>\n<li style=\"font-size: 16px;\">Oprichting van een&nbsp;<span style=\"font-weight: bold;\">routekaart<\/span>&nbsp;(stappenplan) voor de maatschappelijke verantwoordelijkheid van uw organisatie (CSR\/RSO)<\/li>\n<li style=\"font-size: 16px;\"><span style=\"font-weight: bold;\">Checklist voor duurzaamheidsbeoordeling<\/span>&nbsp;uw producten, diensten en projecten.<\/li>\n<li style=\"font-size: 16px;\">Vereniging van&nbsp;<span style=\"font-weight: bold;\">koolstofaudits<\/span>&nbsp;of&nbsp;<span style=\"font-weight: bold;\">levenscyclusanalyse&nbsp;<\/span>of energiebalansen voor elk van uw processen, producten en diensten (milieuboekhouding)<\/li>\n<li style=\"font-size: 16px;\">... en nog veel meer&nbsp;<\/li>\n<\/ul>\n<\/div>\n<div>&nbsp;<\/div>\t\t\t\t\t\t\t\t<\/div>\n\t\t\t\t<\/div>\n\t\t\t\t\t<\/div>\n\t\t\t\t<\/div>\n\t\t<div class=\"elementor-element elementor-element-efa02c3 e-con-full e-flex e-con e-parent\" data-id=\"efa02c3\" data-element_type=\"container\" data-e-type=\"container\" data-settings=\"{&quot;jet_parallax_layout_list&quot;:[]}\">\n\t\t\t\t<div class=\"elementor-element elementor-element-2a1b1a7 elementor-widget elementor-widget-template\" data-id=\"2a1b1a7\" data-element_type=\"widget\" data-e-type=\"widget\" data-widget_type=\"template.default\">\n\t\t\t\t<div class=\"elementor-widget-container\">\n\t\t\t\t\t\t\t<div class=\"elementor-template\">\n\t\t\t\t\t<div data-elementor-type=\"container\" data-elementor-id=\"1929\" class=\"elementor elementor-1929\" data-elementor-post-type=\"elementor_library\">\n\t\t\t\t<div class=\"elementor-element elementor-element-43446c08 e-flex e-con-boxed e-con e-parent\" data-id=\"43446c08\" data-element_type=\"container\" data-e-type=\"container\" data-settings=\"{&quot;background_background&quot;:&quot;classic&quot;,&quot;jet_parallax_layout_list&quot;:[]}\">\n\t\t\t\t\t<div class=\"e-con-inner\">\n\t\t<div class=\"elementor-element elementor-element-124e426 e-grid e-con-full e-con e-child\" data-id=\"124e426\" data-element_type=\"container\" data-e-type=\"container\" data-settings=\"{&quot;jet_parallax_layout_list&quot;:[]}\">\n\t\t\t\t<div class=\"elementor-element elementor-element-55e056a7 elementor-widget elementor-widget-heading\" data-id=\"55e056a7\" data-element_type=\"widget\" data-e-type=\"widget\" data-widget_type=\"heading.default\">\n\t\t\t\t<div class=\"elementor-widget-container\">\n\t\t\t\t\t<h2 class=\"elementor-heading-title elementor-size-default\">Plan vooruit <span class=\"primary-color\">een demo<\/span><\/h2>\t\t\t\t<\/div>\n\t\t\t\t<\/div>\n\t\t<div class=\"elementor-element elementor-element-b94da5d e-con-full e-flex e-con e-child\" data-id=\"b94da5d\" data-element_type=\"container\" data-e-type=\"container\" data-settings=\"{&quot;jet_parallax_layout_list&quot;:[]}\">\n\t\t\t\t<div class=\"elementor-element elementor-element-4593d010 elementor-widget elementor-widget-text-editor\" data-id=\"4593d010\" data-element_type=\"widget\" data-e-type=\"widget\" data-widget_type=\"text-editor.default\">\n\t\t\t\t<div class=\"elementor-widget-container\">\n\t\t\t\t\t\t\t\t\t<p>Omdat naleving en effici\u00ebntie niet ingewikkeld hoeven te zijn, biedt SIRIS+ snelle, intu\u00eftieve oplossingen voor uw kwaliteits-, veiligheids- en milieubehoeften.<\/p>\t\t\t\t\t\t\t\t<\/div>\n\t\t\t\t<\/div>\n\t\t\t\t<div class=\"elementor-element elementor-element-557edfb9 elementor-widget elementor-widget-button\" data-id=\"557edfb9\" data-element_type=\"widget\" data-e-type=\"widget\" data-widget_type=\"button.default\">\n\t\t\t\t<div class=\"elementor-widget-container\">\n\t\t\t\t\t\t\t\t\t<div class=\"elementor-button-wrapper\">\n\t\t\t\t\t<a class=\"elementor-button elementor-button-link elementor-size-sm\" href=\"https:\/\/sirisplus.com\/nl\/contact\/\">\n\t\t\t\t\t\t<span class=\"elementor-button-content-wrapper\">\n\t\t\t\t\t\t\t\t\t<span class=\"elementor-button-text\">Vraag een demo aan<\/span>\n\t\t\t\t\t<\/span>\n\t\t\t\t\t<\/a>\n\t\t\t\t<\/div>\n\t\t\t\t\t\t\t\t<\/div>\n\t\t\t\t<\/div>\n\t\t\t\t<\/div>\n\t\t\t\t<\/div>\n\t\t\t\t<div class=\"elementor-element elementor-element-6bccb2ba elementor-widget elementor-widget-video\" data-id=\"6bccb2ba\" data-element_type=\"widget\" data-e-type=\"widget\" data-settings=\"{&quot;show_image_overlay&quot;:&quot;yes&quot;,&quot;image_overlay&quot;:{&quot;url&quot;:&quot;https:\\\/\\\/sirisplus.com\\\/wp-content\\\/uploads\\\/2026\\\/01\\\/3e3956f1a639702c9606505de92e38406fab5123-scaled.jpg&quot;,&quot;id&quot;:1609,&quot;size&quot;:&quot;&quot;,&quot;alt&quot;:&quot;&quot;,&quot;source&quot;:&quot;library&quot;},&quot;video_type&quot;:&quot;hosted&quot;,&quot;controls&quot;:&quot;yes&quot;}\" data-widget_type=\"video.default\">\n\t\t\t\t<div class=\"elementor-widget-container\">\n\t\t\t\t\t\t\t<div class=\"e-hosted-video elementor-wrapper elementor-open-inline\">\n\t\t\t\t\t<video class=\"elementor-video\" src=\"https:\/\/sirisplus.com\/wp-content\/uploads\/2024\/10\/Siris-logiciel-qualite-demande-demo.mp4\" controls=\"\" preload=\"metadata\" controlslist=\"nodownload\"><\/video>\n\t\t\t\t\t\t<div class=\"elementor-custom-embed-image-overlay\" style=\"background-image: url(https:\/\/sirisplus.com\/wp-content\/uploads\/2026\/01\/3e3956f1a639702c9606505de92e38406fab5123-scaled.jpg);\">\n\t\t\t\t\t\t\t\t\t\t\t\t\t\t\t\t<div class=\"elementor-custom-embed-play\" role=\"button\" aria-label=\"Riproduci video\" tabindex=\"0\" data-no-translation-aria-label=\"\">\n\t\t\t\t\t\t\t<svg aria-hidden=\"true\" class=\"e-font-icon-svg e-eicon-play\" viewbox=\"0 0 1000 1000\" xmlns=\"http:\/\/www.w3.org\/2000\/svg\"><path d=\"M838 162C746 71 633 25 500 25 371 25 258 71 163 162 71 254 25 367 25 500 25 633 71 746 163 837 254 929 367 979 500 979 633 979 746 933 838 837 929 746 975 633 975 500 975 367 929 254 838 162M808 192C892 279 933 379 933 500 933 621 892 725 808 808 725 892 621 938 500 938 379 938 279 896 196 808 113 725 67 621 67 500 67 379 108 279 196 192 279 108 383 62 500 62 621 62 721 108 808 192M438 392V642L642 517 438 392Z\"><\/path><\/svg>\t\t\t\t\t\t<\/div>\n\t\t\t\t\t\t\t\t\t<\/div>\n\t\t\t\t\t<\/div>\n\t\t\t\t\t\t<\/div>\n\t\t\t\t<\/div>\n\t\t\t\t\t<\/div>\n\t\t\t\t<\/div>\n\t\t\t\t<\/div>\n\t\t\t\t<\/div>\n\t\t\t\t\t\t<\/div>\n\t\t\t\t<\/div>\n\t\t\t\t<\/div>\n\t\t\t\t<\/div>","protected":false},"excerpt":{"rendered":"<p>SIRIS+ vous permet de passer avec succ\u00e8s tous vos audits de certification et de g\u00e9rer votre syst\u00e8me de management de fa\u00e7on efficace. Retour Accueil Certification ISO 9001, EFQM, eduQua et autres : La qualit\u00e9 de vos produits et services avec SIRIS+ La qualit\u00e9 de vos produits et services est au coeur de vos priorit\u00e9s ? [&hellip;]<\/p>\n","protected":false},"author":1,"featured_media":0,"parent":0,"menu_order":0,"comment_status":"closed","ping_status":"closed","template":"elementor_header_footer","meta":{"footnotes":""},"class_list":["post-384","page","type-page","status-publish","hentry"],"_links":{"self":[{"href":"https:\/\/sirisplus.com\/nl\/wp-json\/wp\/v2\/pages\/384","targetHints":{"allow":["GET"]}}],"collection":[{"href":"https:\/\/sirisplus.com\/nl\/wp-json\/wp\/v2\/pages"}],"about":[{"href":"https:\/\/sirisplus.com\/nl\/wp-json\/wp\/v2\/types\/page"}],"author":[{"embeddable":true,"href":"https:\/\/sirisplus.com\/nl\/wp-json\/wp\/v2\/users\/1"}],"replies":[{"embeddable":true,"href":"https:\/\/sirisplus.com\/nl\/wp-json\/wp\/v2\/comments?post=384"}],"version-history":[{"count":28,"href":"https:\/\/sirisplus.com\/nl\/wp-json\/wp\/v2\/pages\/384\/revisions"}],"predecessor-version":[{"id":2256,"href":"https:\/\/sirisplus.com\/nl\/wp-json\/wp\/v2\/pages\/384\/revisions\/2256"}],"wp:attachment":[{"href":"https:\/\/sirisplus.com\/nl\/wp-json\/wp\/v2\/media?parent=384"}],"curies":[{"name":"wp","href":"https:\/\/api.w.org\/{rel}","templated":true}]}}