{"id":3,"date":"2024-01-16T17:14:20","date_gmt":"2024-01-16T17:14:20","guid":{"rendered":"https:\/\/siris.geekworkers.dev\/?page_id=3"},"modified":"2026-04-30T15:38:06","modified_gmt":"2026-04-30T13:38:06","slug":"politique-de-confidentialite","status":"publish","type":"page","link":"https:\/\/sirisplus.com\/nl\/politique-de-confidentialite\/","title":{"rendered":"Privacybeleid"},"content":{"rendered":"<div data-elementor-type=\"wp-page\" data-elementor-id=\"3\" class=\"elementor elementor-3\" data-elementor-post-type=\"page\">\n\t\t\t\t<div class=\"elementor-element elementor-element-ba87334 e-flex e-con-boxed e-con e-parent\" data-id=\"ba87334\" data-element_type=\"container\" data-e-type=\"container\" data-settings=\"{&quot;background_background&quot;:&quot;classic&quot;,&quot;jet_parallax_layout_list&quot;:[]}\">\n\t\t\t\t\t<div class=\"e-con-inner\">\n\t\t\t\t<div class=\"elementor-element elementor-element-e897b82 elementor-widget elementor-widget-heading\" data-id=\"e897b82\" data-element_type=\"widget\" data-e-type=\"widget\" data-widget_type=\"heading.default\">\n\t\t\t\t<div class=\"elementor-widget-container\">\n\t\t\t\t\t<h1 class=\"elementor-heading-title elementor-size-default\">Gebruiksvoorwaarden en privacybeleid<\/h1>\t\t\t\t<\/div>\n\t\t\t\t<\/div>\n\t\t\t\t\t<\/div>\n\t\t\t\t<\/div>\n\t\t<div class=\"elementor-element elementor-element-1ad003c e-flex e-con-boxed e-con e-parent\" data-id=\"1ad003c\" data-element_type=\"container\" data-e-type=\"container\" data-settings=\"{&quot;jet_parallax_layout_list&quot;:[]}\">\n\t\t\t\t\t<div class=\"e-con-inner\">\n\t\t\t\t<div class=\"elementor-element elementor-element-882ac3b elementor-widget elementor-widget-heading\" data-id=\"882ac3b\" data-element_type=\"widget\" data-e-type=\"widget\" data-widget_type=\"heading.default\">\n\t\t\t\t<div class=\"elementor-widget-container\">\n\t\t\t\t\t<h2 class=\"elementor-heading-title elementor-size-default\">1. Inleiding<\/h2>\t\t\t\t<\/div>\n\t\t\t\t<\/div>\n\t\t\t\t<div class=\"elementor-element elementor-element-5d84c7f elementor-widget elementor-widget-text-editor\" data-id=\"5d84c7f\" data-element_type=\"widget\" data-e-type=\"widget\" data-widget_type=\"text-editor.default\">\n\t\t\t\t<div class=\"elementor-widget-container\">\n\t\t\t\t\t\t\t\t\t<p>De afdeling qse-software van Logiqua Group S\u00e0rl (hierna \u00abwij\u00bb of \"ons\" genoemd) waardeert uw bezoek aan onze websites en de interesse die u (sitebezoeker\/gebruiker) hebt in ons bedrijf en onze producten.<\/p><p>Dit document beschrijft de gebruiksvoorwaarden van de website\u00a0<a href=\"https:\/\/www.qse-software.ch\/\" target=\"_blank\" rel=\"noopener\">www.qse-software.ch<\/a>\u00a0en\u00a0<a href=\"http:\/\/www.sirisplus.ch\/\" target=\"_blank\" rel=\"noopener\">www.sirisplus.ch<\/a>\u00a0en de bijbehorende verklaring over de bescherming van persoonsgegevens.<\/p><p>Door onze websites te bezoeken, accepteert u al deze voorwaarden.<\/p>\t\t\t\t\t\t\t\t<\/div>\n\t\t\t\t<\/div>\n\t\t\t\t<div class=\"elementor-element elementor-element-e497aad elementor-widget elementor-widget-heading\" data-id=\"e497aad\" data-element_type=\"widget\" data-e-type=\"widget\" data-widget_type=\"heading.default\">\n\t\t\t\t<div class=\"elementor-widget-container\">\n\t\t\t\t\t<h2 class=\"elementor-heading-title elementor-size-default\">2. Intellectueel eigendom<\/h2>\t\t\t\t<\/div>\n\t\t\t\t<\/div>\n\t\t\t\t<div class=\"elementor-element elementor-element-10202b2 elementor-widget elementor-widget-text-editor\" data-id=\"10202b2\" data-element_type=\"widget\" data-e-type=\"widget\" data-widget_type=\"text-editor.default\">\n\t\t\t\t<div class=\"elementor-widget-container\">\n\t\t\t\t\t\t\t\t\t<p>De volledige inhoud van de website (teksten, ontwerpen, afbeeldingen, logo's, handelsmerken, bestanden, enz.) is beschermd door de wetgeving inzake intellectuele eigendom en in het bijzonder door de wetgeving inzake auteursrecht en naburige rechten. Het is het exclusieve eigendom van de eigenaar van de site of de houders van de respectieve rechten.<\/p>\n<p>Deze inhoud mag niet worden gebruikt, gewijzigd, gereproduceerd of verzonden (elektronisch of op andere wijze) zonder voorafgaande schriftelijke toestemming van de eigenaar van de site of de derde houder van de bijbehorende rechten.<\/p>\t\t\t\t\t\t\t\t<\/div>\n\t\t\t\t<\/div>\n\t\t\t\t<div class=\"elementor-element elementor-element-04f5b95 elementor-widget elementor-widget-heading\" data-id=\"04f5b95\" data-element_type=\"widget\" data-e-type=\"widget\" data-widget_type=\"heading.default\">\n\t\t\t\t<div class=\"elementor-widget-container\">\n\t\t\t\t\t<h2 class=\"elementor-heading-title elementor-size-default\">3. Verklaring bescherming persoonsgegevens<\/h2>\t\t\t\t<\/div>\n\t\t\t\t<\/div>\n\t\t\t\t<div class=\"elementor-element elementor-element-a88cf17 elementor-widget elementor-widget-text-editor\" data-id=\"a88cf17\" data-element_type=\"widget\" data-e-type=\"widget\" data-widget_type=\"text-editor.default\">\n\t\t\t\t<div class=\"elementor-widget-container\">\n\t\t\t\t\t\t\t\t\t<p>We nemen de bescherming en beveiliging van de persoonlijke gegevens die aan ons zijn toevertrouwd serieus en willen dat u zich veilig en op uw gemak voelt wanneer u onze website bezoekt en gebruik maakt van onze diensten.<\/p>\n<p>Het is belangrijk voor ons dat u weet welke persoonlijke gegevens worden verzameld wanneer u gebruik maakt van onze aanbiedingen en diensten, en hoe we deze gegevens vervolgens gebruiken.<\/p>\t\t\t\t\t\t\t\t<\/div>\n\t\t\t\t<\/div>\n\t\t\t\t<div class=\"elementor-element elementor-element-52f06c5 elementor-widget elementor-widget-heading\" data-id=\"52f06c5\" data-element_type=\"widget\" data-e-type=\"widget\" data-widget_type=\"heading.default\">\n\t\t\t\t<div class=\"elementor-widget-container\">\n\t\t\t\t\t<h3 class=\"elementor-heading-title elementor-size-default\">3.1. Verwerkte gegevens en doeleinden<\/h3>\t\t\t\t<\/div>\n\t\t\t\t<\/div>\n\t\t\t\t<div class=\"elementor-element elementor-element-3d0848f elementor-widget elementor-widget-heading\" data-id=\"3d0848f\" data-element_type=\"widget\" data-e-type=\"widget\" data-widget_type=\"heading.default\">\n\t\t\t\t<div class=\"elementor-widget-container\">\n\t\t\t\t\t<h4 class=\"elementor-heading-title elementor-size-default\">3.1.1. Gegevens die u aan ons doorgeeft<\/h4>\t\t\t\t<\/div>\n\t\t\t\t<\/div>\n\t\t\t\t<div class=\"elementor-element elementor-element-3dc29fd elementor-widget elementor-widget-text-editor\" data-id=\"3dc29fd\" data-element_type=\"widget\" data-e-type=\"widget\" data-widget_type=\"text-editor.default\">\n\t\t\t\t<div class=\"elementor-widget-container\">\n\t\t\t\t\t\t\t\t\t<p>Om uw verzoeken te beantwoorden en u de best mogelijke service te bieden, worden de volgende gegevens verwerkt:<\/p>\n<ul>\n<li>Naam<\/li>\n<li>Voornaam<\/li>\n<li>Bedrijf<\/li>\n<li>E-mailadres<\/li>\n<li>Inhoud van door jou geschreven berichten<\/li>\n<\/ul>\n<p>\u00a0<\/p>\n<p>Deze gegevens worden bijvoorbeeld verzameld wanneer u ons een aanvraagformulier stuurt.<\/p>\t\t\t\t\t\t\t\t<\/div>\n\t\t\t\t<\/div>\n\t\t\t\t<div class=\"elementor-element elementor-element-a9f455f elementor-widget elementor-widget-heading\" data-id=\"a9f455f\" data-element_type=\"widget\" data-e-type=\"widget\" data-widget_type=\"heading.default\">\n\t\t\t\t<div class=\"elementor-widget-container\">\n\t\t\t\t\t<h4 class=\"elementor-heading-title elementor-size-default\">3.1.2. Gegevens die we automatisch registreren<\/h4>\t\t\t\t<\/div>\n\t\t\t\t<\/div>\n\t\t\t\t<div class=\"elementor-element elementor-element-6cd993a elementor-widget elementor-widget-text-editor\" data-id=\"6cd993a\" data-element_type=\"widget\" data-e-type=\"widget\" data-widget_type=\"text-editor.default\">\n\t\t\t\t<div class=\"elementor-widget-container\">\n\t\t\t\t\t\t\t\t\t<p>We gebruiken ook tools van derden (cookies en tracking tools) voor de volgende doeleinden:<\/p>\n<ul>\n<li>Zorgen voor veilige navigatie<\/li>\n<li>Uw surfervaring op onze website te verbeteren (door middel van voorkeurcookies kan een website uw persoonlijke voorkeursinstellingen onthouden, bijvoorbeeld: taal, instellingen, vooraf ingevulde formulieren, enz.)<\/li>\n<li>Om statistieken over het gebruik van onze website te analyseren<\/li>\n<\/ul>\n<p><br \/>Deze website maakt gebruik van Google Analytics, een webanalysedienst van Google Inc (\"Google\"). Google Analytics maakt gebruik van \"cookies\" (tekstbestandjes die op uw computer worden geplaatst) om de website te helpen analyseren hoe gebruikers de site gebruiken. De door het cookie gegenereerde informatie over uw gebruik van de website (met inbegrip van uw IP-adres) wordt overgebracht naar en door Google opgeslagen op servers in de Verenigde Staten. Google gebruikt deze informatie om bij te houden hoe u de website gebruikt, rapporten over de website-activiteit op te stellen voor website-exploitanten en andere diensten aan te bieden met betrekking tot website-activiteit en internetgebruik. Google mag deze informatie aan derden verschaffen indien Google hiertoe wettelijk wordt verplicht, of voor zover deze derden de informatie namens Google verwerken, waaronder in het bijzonder de uitgever van deze website.<\/p>\n<ul>\n<li>Bekendheid geven aan ons bedrijf en onze producten (marketing)<\/li>\n<\/ul>\n<p><br \/>Marketingcookies worden gebruikt om bezoekers op websites te volgen. Het doel is om advertenties weer te geven die relevant en interessant zijn voor de individuele gebruiker en daardoor waardevoller voor externe uitgevers en adverteerders.<\/p>\t\t\t\t\t\t\t\t<\/div>\n\t\t\t\t<\/div>\n\t\t\t\t<div class=\"elementor-element elementor-element-13e186a elementor-widget elementor-widget-heading\" data-id=\"13e186a\" data-element_type=\"widget\" data-e-type=\"widget\" data-widget_type=\"heading.default\">\n\t\t\t\t<div class=\"elementor-widget-container\">\n\t\t\t\t\t<h3 class=\"elementor-heading-title elementor-size-default\">3.2. Doorgifte aan derden<\/h3>\t\t\t\t<\/div>\n\t\t\t\t<\/div>\n\t\t\t\t<div class=\"elementor-element elementor-element-b6f4833 elementor-widget elementor-widget-text-editor\" data-id=\"b6f4833\" data-element_type=\"widget\" data-e-type=\"widget\" data-widget_type=\"text-editor.default\">\n\t\t\t\t<div class=\"elementor-widget-container\">\n\t\t\t\t\t\t\t\t\t<p>Wij verkopen uw gegevens niet aan derden. We geven alleen de gegevens door aan onze partners die nodig zijn om uw verzoeken te beantwoorden en u de best mogelijke service te bieden.<\/p>\t\t\t\t\t\t\t\t<\/div>\n\t\t\t\t<\/div>\n\t\t\t\t<div class=\"elementor-element elementor-element-7322132 elementor-widget elementor-widget-heading\" data-id=\"7322132\" data-element_type=\"widget\" data-e-type=\"widget\" data-widget_type=\"heading.default\">\n\t\t\t\t<div class=\"elementor-widget-container\">\n\t\t\t\t\t<h3 class=\"elementor-heading-title elementor-size-default\">3.3 Toestemming<\/h3>\t\t\t\t<\/div>\n\t\t\t\t<\/div>\n\t\t\t\t<div class=\"elementor-element elementor-element-3ea730e elementor-widget elementor-widget-text-editor\" data-id=\"3ea730e\" data-element_type=\"widget\" data-e-type=\"widget\" data-widget_type=\"text-editor.default\">\n\t\t\t\t<div class=\"elementor-widget-container\">\n\t\t\t\t\t\t\t\t\t<p>Door onze site te gebruiken, gaat u akkoord met de voorwaarden van onze privacyverklaring.<\/p>\t\t\t\t\t\t\t\t<\/div>\n\t\t\t\t<\/div>\n\t\t\t\t<div class=\"elementor-element elementor-element-047ac85 elementor-widget elementor-widget-heading\" data-id=\"047ac85\" data-element_type=\"widget\" data-e-type=\"widget\" data-widget_type=\"heading.default\">\n\t\t\t\t<div class=\"elementor-widget-container\">\n\t\t\t\t\t<h3 class=\"elementor-heading-title elementor-size-default\">3.4. Contact voor vragen over persoonlijke gegevens<\/h3>\t\t\t\t<\/div>\n\t\t\t\t<\/div>\n\t\t\t\t<div class=\"elementor-element elementor-element-e0c3568 elementor-widget elementor-widget-text-editor\" data-id=\"e0c3568\" data-element_type=\"widget\" data-e-type=\"widget\" data-widget_type=\"text-editor.default\">\n\t\t\t\t<div class=\"elementor-widget-container\">\n\t\t\t\t\t\t\t\t\t<p>Als u nog vragen hebt over de verwerking van uw persoonsgegevens of als u uw persoonsgegevens wilt inzien, corrigeren of verwijderen, kunt u contact opnemen met :<\/p><p>Logiqua Groep S\u00e0rl<br \/>Afdeling qse-software<br \/>Route Suisse 8A<br \/>CH-1163 Etoy<br \/>Zwitserland<\/p><p>via het contactformulier (<a class=\"theme markdown__link\" href=\"https:\/\/sirisplus.com\/nl\/contact\/\" target=\"_blank\" rel=\"noopener noreferrer\">https:\/\/sirisplus.com\/contact\/<\/a>).<\/p>\t\t\t\t\t\t\t\t<\/div>\n\t\t\t\t<\/div>\n\t\t\t\t<div class=\"elementor-element elementor-element-5c2cb20 elementor-widget elementor-widget-heading\" data-id=\"5c2cb20\" data-element_type=\"widget\" data-e-type=\"widget\" data-widget_type=\"heading.default\">\n\t\t\t\t<div class=\"elementor-widget-container\">\n\t\t\t\t\t<h2 class=\"elementor-heading-title elementor-size-default\">4. Uitsluiting van garantie en aansprakelijkheid<\/h2>\t\t\t\t<\/div>\n\t\t\t\t<\/div>\n\t\t\t\t<div class=\"elementor-element elementor-element-9583293 elementor-widget elementor-widget-text-editor\" data-id=\"9583293\" data-element_type=\"widget\" data-e-type=\"widget\" data-widget_type=\"text-editor.default\">\n\t\t\t\t<div class=\"elementor-widget-container\">\n\t\t\t\t\t\t\t\t\t<p>Wij aanvaarden geen enkele aansprakelijkheid voor welk verlies of welke schade dan ook die voor henzelf of voor derden voortvloeit uit de toegang tot of het gebruik van de website of delen daarvan, of die wordt veroorzaakt door koppelingen naar websites van derden.<\/p><p>Aansprakelijkheid is ook uitgesloten voor winstderving, internetfouten van welke aard dan ook (bijv. bedrijfsonderbrekingen, storingen, virussen, schadelijke componenten, terroristische aanslagen, etc.), misbruik door derden (toegang tot gegevens, kopi\u00ebren, etc.) of verlies van programma's of andere gegevens in uw informatiesystemen.<\/p><p>Niets op de website vormt een bindend aanbod.<\/p><p>Dit inhoudsbeleid is uitsluitend van toepassing op de website Logiqua Group S\u00e0rl, sirisplus.com.<\/p><p>sirisplus.com bevat links naar andere sites en kan inhoud en informatie bevatten die niet afkomstig is van Logiqua Group S\u00e0rl en waarop wij geen invloed hebben.<\/p><p>Wij aanvaarden geen verantwoordelijkheid voor de juistheid van de inhoud van deze sites en de exploitant van de website in kwestie is altijd als enige verantwoordelijk voor de inhoud van gelinkte pagina's.<\/p><p>Als de gebruiker onze site verlaat, is het vertrouwelijkheidsbeleid van de site van de derde partij van toepassing. We kunnen geen enkele garantie geven met betrekking tot het gebruik dat de derde partij maakt van de informatie die de gebruiker doorstuurt.<\/p><p>Raadpleeg het beleid van de site die u bezoekt voor meer informatie.<\/p><p>Logiqua Group S\u00e0rl is evenmin verantwoordelijk voor websites die rechtstreeks of via frames linken naar haar eigen website of die op een andere manier gebruik maken van haar inhoud.<\/p>\t\t\t\t\t\t\t\t<\/div>\n\t\t\t\t<\/div>\n\t\t\t\t<div class=\"elementor-element elementor-element-03457cf elementor-widget elementor-widget-heading\" data-id=\"03457cf\" data-element_type=\"widget\" data-e-type=\"widget\" data-widget_type=\"heading.default\">\n\t\t\t\t<div class=\"elementor-widget-container\">\n\t\t\t\t\t<h2 class=\"elementor-heading-title elementor-size-default\">5. Bevoegdheid<\/h2>\t\t\t\t<\/div>\n\t\t\t\t<\/div>\n\t\t\t\t<div class=\"elementor-element elementor-element-fb42f8d elementor-widget elementor-widget-text-editor\" data-id=\"fb42f8d\" data-element_type=\"widget\" data-e-type=\"widget\" data-widget_type=\"text-editor.default\">\n\t\t\t\t<div class=\"elementor-widget-container\">\n\t\t\t\t\t\t\t\t\t<p>Elk geschil met betrekking tot de interpretatie of uitvoering van deze gebruiksvoorwaarden wordt voorgelegd aan de bevoegde rechtbank van de woonplaats van de eigenaar van de site.<\/p>\t\t\t\t\t\t\t\t<\/div>\n\t\t\t\t<\/div>\n\t\t\t\t\t<\/div>\n\t\t\t\t<\/div>\n\t\t\t\t<\/div>","protected":false},"excerpt":{"rendered":"<p>Conditions d\u2019utilisation et politique de confidentialit\u00e9 1. Introduction Le d\u00e9partement qse-software de Logiqua Group S\u00e0rl (Ci-apr\u00e8s d\u00e9sign\u00e9 par \u00ab Nous \u00bb) se r\u00e9jouit de votre visite sur nos sites Internet et de l\u2019int\u00e9r\u00eat que vous (Visiteur\/utilisateur du site) portez \u00e0 notre entreprise et nos produits. Le pr\u00e9sent document d\u00e9crit les conditions d\u2019utilisation du sites internet\u00a0www.qse-software.ch\u00a0et\u00a0www.sirisplus.ch\u00a0ainsi [&hellip;]<\/p>\n","protected":false},"author":1,"featured_media":0,"parent":0,"menu_order":0,"comment_status":"closed","ping_status":"closed","template":"elementor_header_footer","meta":{"footnotes":""},"class_list":["post-3","page","type-page","status-publish","hentry"],"_links":{"self":[{"href":"https:\/\/sirisplus.com\/nl\/wp-json\/wp\/v2\/pages\/3","targetHints":{"allow":["GET"]}}],"collection":[{"href":"https:\/\/sirisplus.com\/nl\/wp-json\/wp\/v2\/pages"}],"about":[{"href":"https:\/\/sirisplus.com\/nl\/wp-json\/wp\/v2\/types\/page"}],"author":[{"embeddable":true,"href":"https:\/\/sirisplus.com\/nl\/wp-json\/wp\/v2\/users\/1"}],"replies":[{"embeddable":true,"href":"https:\/\/sirisplus.com\/nl\/wp-json\/wp\/v2\/comments?post=3"}],"version-history":[{"count":18,"href":"https:\/\/sirisplus.com\/nl\/wp-json\/wp\/v2\/pages\/3\/revisions"}],"predecessor-version":[{"id":2410,"href":"https:\/\/sirisplus.com\/nl\/wp-json\/wp\/v2\/pages\/3\/revisions\/2410"}],"wp:attachment":[{"href":"https:\/\/sirisplus.com\/nl\/wp-json\/wp\/v2\/media?parent=3"}],"curies":[{"name":"wp","href":"https:\/\/api.w.org\/{rel}","templated":true}]}}