{"id":405,"date":"2024-01-30T19:38:45","date_gmt":"2024-01-30T18:38:45","guid":{"rendered":"https:\/\/siris.geekworkers.dev\/?page_id=405"},"modified":"2026-02-18T19:23:20","modified_gmt":"2026-02-18T18:23:20","slug":"gestion-des-risques","status":"publish","type":"page","link":"https:\/\/sirisplus.com\/it\/gestion-des-risques\/","title":{"rendered":"Gestione del rischio"},"content":{"rendered":"<div data-elementor-type=\"wp-page\" data-elementor-id=\"405\" class=\"elementor elementor-405\" data-elementor-post-type=\"page\">\n\t\t\t\t<div class=\"elementor-element elementor-element-821f5b5 e-flex e-con-boxed e-con e-parent\" data-id=\"821f5b5\" data-element_type=\"container\" data-e-type=\"container\" data-settings=\"{&quot;background_background&quot;:&quot;classic&quot;,&quot;jet_parallax_layout_list&quot;:[]}\">\n\t\t\t\t\t<div class=\"e-con-inner\">\n\t\t\t\t<div class=\"elementor-element elementor-element-defc290 elementor-view-stacked elementor-shape-circle elementor-widget elementor-widget-icon\" data-id=\"defc290\" data-element_type=\"widget\" data-e-type=\"widget\" data-widget_type=\"icon.default\">\n\t\t\t\t<div class=\"elementor-widget-container\">\n\t\t\t\t\t\t\t<div class=\"elementor-icon-wrapper\">\n\t\t\t<div class=\"elementor-icon\">\n\t\t\t<svg xmlns=\"http:\/\/www.w3.org\/2000\/svg\" width=\"64\" height=\"63\" viewbox=\"0 0 64 63\" fill=\"none\"><g id=\"thumb-up\"><path id=\"Vector\" d=\"M37.25 26.25H49.7555C50.6503 26.25 51.5302 26.4788 52.3117 26.9144C53.0933 27.3501 53.7505 27.9784 54.221 28.7395C54.6914 29.5005 54.9596 30.3693 55 31.2631C55.0403 32.157 54.8516 33.0463 54.4516 33.8468L45.2641 52.2217C44.828 53.0945 44.1574 53.8284 43.3274 54.3412C42.4974 54.854 41.541 55.1255 40.5654 55.125H30.0208C29.5929 55.125 29.165 55.0725 28.7476 54.9675L18.875 52.5M37.25 26.25V13.125C37.25 11.7326 36.6969 10.3973 35.7123 9.41269C34.7277 8.42812 33.3924 7.875 32 7.875H31.7506C30.4381 7.875 29.375 8.93812 29.375 10.2506C29.375 12.1249 28.8211 13.9571 27.779 15.5164L18.875 28.875V52.5M37.25 26.25H32M18.875 52.5H13.625C12.2326 52.5 10.8973 51.9469 9.91269 50.9623C8.92812 49.9777 8.375 48.6424 8.375 47.25V31.5C8.375 30.1076 8.92812 28.7723 9.91269 27.7877C10.8973 26.8031 12.2326 26.25 13.625 26.25H20.1875\" stroke=\"#86E51E\" stroke-width=\"3\" stroke-linecap=\"round\" stroke-linejoin=\"round\"><\/path><\/g><\/svg>\t\t\t<\/div>\n\t\t<\/div>\n\t\t\t\t\t\t<\/div>\n\t\t\t\t<\/div>\n\t\t\t\t<div class=\"elementor-element elementor-element-baa49f5 elementor-widget elementor-widget-heading\" data-id=\"baa49f5\" data-element_type=\"widget\" data-e-type=\"widget\" data-widget_type=\"heading.default\">\n\t\t\t\t<div class=\"elementor-widget-container\">\n\t\t\t\t\t<h1 class=\"elementor-heading-title elementor-size-default\">Gestione del rischio<\/h1>\t\t\t\t<\/div>\n\t\t\t\t<\/div>\n\t\t\t\t\t<\/div>\n\t\t\t\t<\/div>\n\t\t<div class=\"elementor-element elementor-element-10ba900 e-flex e-con-boxed e-con e-parent\" data-id=\"10ba900\" data-element_type=\"container\" data-e-type=\"container\" data-settings=\"{&quot;jet_parallax_layout_list&quot;:[]}\">\n\t\t\t\t\t<div class=\"e-con-inner\">\n\t\t\t\t<div class=\"elementor-element elementor-element-518065a elementor-widget elementor-widget-heading\" data-id=\"518065a\" data-element_type=\"widget\" data-e-type=\"widget\" data-widget_type=\"heading.default\">\n\t\t\t\t<div class=\"elementor-widget-container\">\n\t\t\t\t\t<h2 class=\"elementor-heading-title elementor-size-default\">I vostri rischi strategici e operativi sotto controllo!\n<\/h2>\t\t\t\t<\/div>\n\t\t\t\t<\/div>\n\t\t\t\t<div class=\"elementor-element elementor-element-a283720 elementor-widget elementor-widget-text-editor\" data-id=\"a283720\" data-element_type=\"widget\" data-e-type=\"widget\" data-widget_type=\"text-editor.default\">\n\t\t\t\t<div class=\"elementor-widget-container\">\n\t\t\t\t\t\t\t\t\t<p>La gestione di <b>rischi strategici e operativi<\/b> richiede un approccio metodico e sistematico e un monitoraggio chiaro e preciso, vista l'alta posta in gioco per la vostra organizzazione.<\/p>\n<p>Con SIRIS+ \u00e8 possibile gestire l'intero sistema di gestione del rischio:<\/p>\n<ul>\n<li><b>Configurare le proprie matrici di rischio <\/b>(scelta delle dimensioni della matrice, scelta dei colori, scelta delle zone di rischio, scelta delle scale di valutazione e dei criteri, ecc.)<\/li>\n<li><b>Valutazione del rischio<\/b>&nbsp;lordo, netto e previsioni per ogni processo<\/li>\n<li>Pianificazione e monitoraggio <b>controlli<\/b> e <b>azioni di controllo <\/b>rischi<\/li>\n<\/ul>\n<p><span style=\"text-align: var(--text-align); color: var( --e-global-color-text ); font-family: var( --e-global-typography-text-font-family ), Sans-serif; font-size: var( --e-global-typography-text-font-size ); font-weight: var( --e-global-typography-text-font-weight ); text-transform: var( --e-global-typography-text-text-transform );\">.<\/span><\/p>\t\t\t\t\t\t\t\t<\/div>\n\t\t\t\t<\/div>\n\t\t\t\t<div class=\"elementor-element elementor-element-dea99e3 elementor-widget elementor-widget-heading\" data-id=\"dea99e3\" data-element_type=\"widget\" data-e-type=\"widget\" data-widget_type=\"heading.default\">\n\t\t\t\t<div class=\"elementor-widget-container\">\n\t\t\t\t\t<h2 class=\"elementor-heading-title elementor-size-default\">Gestione della continuit\u00e0 operativa con SIRIS+<\/h2>\t\t\t\t<\/div>\n\t\t\t\t<\/div>\n\t\t\t\t<div class=\"elementor-element elementor-element-9b1bc24 elementor-widget elementor-widget-text-editor\" data-id=\"9b1bc24\" data-element_type=\"widget\" data-e-type=\"widget\" data-widget_type=\"text-editor.default\">\n\t\t\t\t<div class=\"elementor-widget-container\">\n\t\t\t\t\t\t\t\t\t<p><span style=\"text-align: var(--text-align); color: var( --e-global-color-text ); font-family: var( --e-global-typography-text-font-family ), Sans-serif; font-size: var( --e-global-typography-text-font-size ); font-weight: var( --e-global-typography-text-font-weight ); text-transform: var( --e-global-typography-text-text-transform );\">Quanto \u00e8 preparata la vostra organizzazione, ad esempio, in caso di guasti al computer, interruzione di corrente, assenze simultanee di membri del personale, incendi, ecc.<\/span><\/p><p>Con SIRIS+ \u00e8 possibile :<\/p><ul style=\"font-size: 16px; background-color: #ffffff;\"><li style=\"font-size: 16px;\">Analizzate il vostro <b>processi critici<\/b> (Analisi dell'impatto aziendale BIA)<\/li><li style=\"font-size: 16px;\">Definite il vostro <b>piani di continuit\u00e0 aziendale<\/b> (BCP, o Business Continuity Management BCM), compresa la definizione delle risorse chiave.<\/li><li style=\"font-size: 16px;\">Definite il vostro <b>piani di recupero <\/b>(Piano di ripristino di emergenza)<\/li><li style=\"font-size: 16px;\">Definite il vostro <b>piani di gestione delle crisi<\/b><\/li><li style=\"font-size: 16px;\">Gestire l'assegnazione delle missioni in caso di crisi, finch\u00e9 la situazione non torna alla normalit\u00e0. <b>situazione nominale<\/b><\/li><li style=\"font-size: 16px;\">... e molto altro ancora!<\/li><\/ul><p><span style=\"text-align: var(--text-align); color: var( --e-global-color-text ); font-family: var( --e-global-typography-text-font-family ), Sans-serif; font-size: var( --e-global-typography-text-font-size ); font-weight: var( --e-global-typography-text-font-weight ); text-transform: var( --e-global-typography-text-text-transform );\">\u00a0<\/span><\/p><p><span style=\"text-align: var(--text-align); color: var( --e-global-color-text ); font-family: var( --e-global-typography-text-font-family ), Sans-serif; font-size: var( --e-global-typography-text-font-size ); font-weight: var( --e-global-typography-text-font-weight ); text-transform: var( --e-global-typography-text-text-transform );\">Tutti questi elementi possono essere collegati ai vostri processi, ai rischi, agli asset, ecc.<\/span><\/p>\t\t\t\t\t\t\t\t<\/div>\n\t\t\t\t<\/div>\n\t\t\t\t<div class=\"elementor-element elementor-element-5be6c4a elementor-align-center elementor-widget elementor-widget-button\" data-id=\"5be6c4a\" data-element_type=\"widget\" data-e-type=\"widget\" data-widget_type=\"button.default\">\n\t\t\t\t<div class=\"elementor-widget-container\">\n\t\t\t\t\t\t\t\t\t<div class=\"elementor-button-wrapper\">\n\t\t\t\t\t<a class=\"elementor-button elementor-button-link elementor-size-sm\" href=\"https:\/\/sirisplus.com\/it\">\n\t\t\t\t\t\t<span class=\"elementor-button-content-wrapper\">\n\t\t\t\t\t\t\t\t\t<span class=\"elementor-button-text\">Torna a casa<\/span>\n\t\t\t\t\t<\/span>\n\t\t\t\t\t<\/a>\n\t\t\t\t<\/div>\n\t\t\t\t\t\t\t\t<\/div>\n\t\t\t\t<\/div>\n\t\t\t\t\t<\/div>\n\t\t\t\t<\/div>\n\t\t<div class=\"elementor-element elementor-element-8d74e92 e-con-full e-flex e-con e-parent\" data-id=\"8d74e92\" data-element_type=\"container\" data-e-type=\"container\" data-settings=\"{&quot;jet_parallax_layout_list&quot;:[]}\">\n\t\t\t\t<div class=\"elementor-element elementor-element-b429a90 elementor-widget elementor-widget-template\" data-id=\"b429a90\" data-element_type=\"widget\" data-e-type=\"widget\" data-widget_type=\"template.default\">\n\t\t\t\t<div class=\"elementor-widget-container\">\n\t\t\t\t\t\t\t<div class=\"elementor-template\">\n\t\t\t\t\t<div data-elementor-type=\"container\" data-elementor-id=\"169\" class=\"elementor elementor-169\" data-elementor-post-type=\"elementor_library\">\n\t\t\t\t<div class=\"elementor-element elementor-element-f745dff e-flex e-con-boxed e-con e-parent\" data-id=\"f745dff\" data-element_type=\"container\" data-e-type=\"container\" data-settings=\"{&quot;background_background&quot;:&quot;classic&quot;,&quot;jet_parallax_layout_list&quot;:[]}\">\n\t\t\t\t\t<div class=\"e-con-inner\">\n\t\t\t\t<div class=\"elementor-element elementor-element-9aeeae2 elementor-widget elementor-widget-heading\" data-id=\"9aeeae2\" data-element_type=\"widget\" data-e-type=\"widget\" data-widget_type=\"heading.default\">\n\t\t\t\t<div class=\"elementor-widget-container\">\n\t\t\t\t\t<h2 class=\"elementor-heading-title elementor-size-default\">Programmare una demo<\/h2>\t\t\t\t<\/div>\n\t\t\t\t<\/div>\n\t\t\t\t<div class=\"elementor-element elementor-element-4488225 elementor-widget elementor-widget-text-editor\" data-id=\"4488225\" data-element_type=\"widget\" data-e-type=\"widget\" data-widget_type=\"text-editor.default\">\n\t\t\t\t<div class=\"elementor-widget-container\">\n\t\t\t\t\t\t\t\t\t<p>Perch\u00e9 la conformit\u00e0 e l'efficienza non devono essere complicate, SIRIS+ offre soluzioni rapide e intuitive per le vostre esigenze di qualit\u00e0, sicurezza e ambiente.<\/p>\t\t\t\t\t\t\t\t<\/div>\n\t\t\t\t<\/div>\n\t\t\t\t<div class=\"elementor-element elementor-element-c40a439 elementor-widget elementor-widget-video\" data-id=\"c40a439\" data-element_type=\"widget\" data-e-type=\"widget\" data-settings=\"{&quot;video_type&quot;:&quot;hosted&quot;,&quot;autoplay&quot;:&quot;yes&quot;,&quot;mute&quot;:&quot;yes&quot;,&quot;controls&quot;:&quot;yes&quot;}\" data-widget_type=\"video.default\">\n\t\t\t\t<div class=\"elementor-widget-container\">\n\t\t\t\t\t\t\t<div class=\"e-hosted-video elementor-wrapper elementor-open-inline\">\n\t\t\t\t\t<video class=\"elementor-video\" src=\"https:\/\/sirisplus.com\/wp-content\/uploads\/2024\/10\/Siris-logiciel-qualite-demande-demo.mp4\" autoplay=\"\" controls=\"\" muted=\"muted\" controlslist=\"nodownload\"><\/video>\n\t\t\t\t<\/div>\n\t\t\t\t\t\t<\/div>\n\t\t\t\t<\/div>\n\t\t\t\t<div class=\"elementor-element elementor-element-6569c57 elementor-align-center elementor-widget elementor-widget-button\" data-id=\"6569c57\" data-element_type=\"widget\" data-e-type=\"widget\" data-widget_type=\"button.default\">\n\t\t\t\t<div class=\"elementor-widget-container\">\n\t\t\t\t\t\t\t\t\t<div class=\"elementor-button-wrapper\">\n\t\t\t\t\t<a class=\"elementor-button elementor-button-link elementor-size-sm elementor-animation-grow\" href=\"https:\/\/sirisplus.com\/it\/reservation-demo-siris\/\" target=\"_blank\">\n\t\t\t\t\t\t<span class=\"elementor-button-content-wrapper\">\n\t\t\t\t\t\t\t\t\t<span class=\"elementor-button-text\">Richiedi una demo<\/span>\n\t\t\t\t\t<\/span>\n\t\t\t\t\t<\/a>\n\t\t\t\t<\/div>\n\t\t\t\t\t\t\t\t<\/div>\n\t\t\t\t<\/div>\n\t\t\t\t\t<\/div>\n\t\t\t\t<\/div>\n\t\t\t\t<\/div>\n\t\t\t\t<\/div>\n\t\t\t\t\t\t<\/div>\n\t\t\t\t<\/div>\n\t\t\t\t<div class=\"elementor-element elementor-element-589a8ec elementor-widget elementor-widget-template\" data-id=\"589a8ec\" data-element_type=\"widget\" data-e-type=\"widget\" data-widget_type=\"template.default\">\n\t\t\t\t<div class=\"elementor-widget-container\">\n\t\t\t\t\t\t\t<div class=\"elementor-template\">\n\t\t\t\t\t<div data-elementor-type=\"container\" data-elementor-id=\"133\" class=\"elementor elementor-133\" data-elementor-post-type=\"elementor_library\">\n\t\t\t\t<div class=\"elementor-element elementor-element-9b680f8 elementor-hidden-desktop elementor-hidden-tablet elementor-hidden-mobile e-flex e-con-boxed e-con e-parent\" data-id=\"9b680f8\" data-element_type=\"container\" data-e-type=\"container\" data-settings=\"{&quot;background_background&quot;:&quot;classic&quot;,&quot;jet_parallax_layout_list&quot;:[]}\">\n\t\t\t\t\t<div class=\"e-con-inner\">\n\t\t\t\t<div class=\"elementor-element elementor-element-ded5590 elementor-widget elementor-widget-image-carousel\" data-id=\"ded5590\" data-element_type=\"widget\" data-e-type=\"widget\" data-settings=\"{&quot;slides_to_show&quot;:&quot;5&quot;,&quot;slides_to_show_mobile&quot;:&quot;2&quot;,&quot;slides_to_scroll&quot;:&quot;1&quot;,&quot;slides_to_scroll_mobile&quot;:&quot;1&quot;,&quot;navigation&quot;:&quot;none&quot;,&quot;autoplay_speed&quot;:100,&quot;speed&quot;:2000,&quot;autoplay&quot;:&quot;yes&quot;,&quot;pause_on_hover&quot;:&quot;yes&quot;,&quot;pause_on_interaction&quot;:&quot;yes&quot;,&quot;infinite&quot;:&quot;yes&quot;}\" data-widget_type=\"image-carousel.default\">\n\t\t\t\t<div class=\"elementor-widget-container\">\n\t\t\t\t\t\t\t<div class=\"elementor-image-carousel-wrapper swiper\" role=\"region\" aria-roledescription=\"carousel\" aria-label=\"Carosello di immagini\" dir=\"ltr\">\n\t\t\t<div class=\"elementor-image-carousel swiper-wrapper\" aria-live=\"off\">\n\t\t\t\t\t\t\t\t<div class=\"swiper-slide\" role=\"group\" aria-roledescription=\"slide\" aria-label=\"1 su 5\"><figure class=\"swiper-slide-inner\"><img decoding=\"async\" class=\"swiper-slide-image\" src=\"https:\/\/sirisplus.com\/wp-content\/uploads\/2024\/01\/Airbnb.svg\" alt=\"Airbnb\" \/><\/figure><\/div><div class=\"swiper-slide\" role=\"group\" aria-roledescription=\"slide\" aria-label=\"2 su 5\"><figure class=\"swiper-slide-inner\"><img decoding=\"async\" class=\"swiper-slide-image\" src=\"https:\/\/sirisplus.com\/wp-content\/uploads\/2024\/01\/Google.svg\" alt=\"Google\" \/><\/figure><\/div><div class=\"swiper-slide\" role=\"group\" aria-roledescription=\"slide\" aria-label=\"3 su 5\"><figure class=\"swiper-slide-inner\"><img decoding=\"async\" class=\"swiper-slide-image\" src=\"https:\/\/sirisplus.com\/wp-content\/uploads\/2024\/01\/Nike.svg\" alt=\"Nike\" \/><\/figure><\/div><div class=\"swiper-slide\" role=\"group\" aria-roledescription=\"slide\" aria-label=\"4 su 5\"><figure class=\"swiper-slide-inner\"><img decoding=\"async\" class=\"swiper-slide-image\" src=\"https:\/\/sirisplus.com\/wp-content\/uploads\/2024\/01\/Dropbox.svg\" alt=\"Dropbox\" \/><\/figure><\/div><div class=\"swiper-slide\" role=\"group\" aria-roledescription=\"slide\" aria-label=\"5 su 5\"><figure class=\"swiper-slide-inner\"><img decoding=\"async\" class=\"swiper-slide-image\" src=\"https:\/\/sirisplus.com\/wp-content\/uploads\/2024\/01\/Stripe.png\" alt=\"Stripe\" \/><\/figure><\/div>\t\t\t<\/div>\n\t\t\t\t\t\t\t\n\t\t\t\t\t\t\t\t\t<\/div>\n\t\t\t\t\t\t<\/div>\n\t\t\t\t<\/div>\n\t\t\t\t\t<\/div>\n\t\t\t\t<\/div>\n\t\t\t\t<\/div>\n\t\t\t\t<\/div>\n\t\t\t\t\t\t<\/div>\n\t\t\t\t<\/div>\n\t\t\t\t<\/div>\n\t\t\t\t<\/div>","protected":false},"excerpt":{"rendered":"<p>Vos risques strat\u00e9giques et op\u00e9rationnels enfin ma\u00eetris\u00e9s ! La gestion des risques strat\u00e9giques et op\u00e9rationnels requiert une approche m\u00e9thodique, syst\u00e9matique et un suivi clair et pr\u00e9cis \u00e9tant donn\u00e9 les enjeux importants pour votre organisation. Avec SIRIS+, vous g\u00e9rez l\u2019ensemble de votre syst\u00e8me de management des risques : Configuration de vos propres matrices de risques (choix [&hellip;]<\/p>\n","protected":false},"author":1,"featured_media":0,"parent":0,"menu_order":0,"comment_status":"closed","ping_status":"closed","template":"elementor_header_footer","meta":{"footnotes":""},"class_list":["post-405","page","type-page","status-publish","hentry"],"_links":{"self":[{"href":"https:\/\/sirisplus.com\/it\/wp-json\/wp\/v2\/pages\/405","targetHints":{"allow":["GET"]}}],"collection":[{"href":"https:\/\/sirisplus.com\/it\/wp-json\/wp\/v2\/pages"}],"about":[{"href":"https:\/\/sirisplus.com\/it\/wp-json\/wp\/v2\/types\/page"}],"author":[{"embeddable":true,"href":"https:\/\/sirisplus.com\/it\/wp-json\/wp\/v2\/users\/1"}],"replies":[{"embeddable":true,"href":"https:\/\/sirisplus.com\/it\/wp-json\/wp\/v2\/comments?post=405"}],"version-history":[{"count":22,"href":"https:\/\/sirisplus.com\/it\/wp-json\/wp\/v2\/pages\/405\/revisions"}],"predecessor-version":[{"id":2250,"href":"https:\/\/sirisplus.com\/it\/wp-json\/wp\/v2\/pages\/405\/revisions\/2250"}],"wp:attachment":[{"href":"https:\/\/sirisplus.com\/it\/wp-json\/wp\/v2\/media?parent=405"}],"curies":[{"name":"wp","href":"https:\/\/api.w.org\/{rel}","templated":true}]}}