{"id":389,"date":"2024-01-30T19:27:01","date_gmt":"2024-01-30T18:27:01","guid":{"rendered":"https:\/\/siris.geekworkers.dev\/?page_id=389"},"modified":"2026-02-18T20:21:33","modified_gmt":"2026-02-18T19:21:33","slug":"veille-reglementaire-et-compliance","status":"publish","type":"page","link":"https:\/\/sirisplus.com\/it\/veille-reglementaire-et-compliance\/","title":{"rendered":"Controllo e conformit\u00e0 alle normative"},"content":{"rendered":"<div data-elementor-type=\"wp-page\" data-elementor-id=\"389\" class=\"elementor elementor-389\" data-elementor-post-type=\"page\">\n\t\t\t\t<div class=\"elementor-element elementor-element-d2a39fe e-flex e-con-boxed e-con e-parent\" data-id=\"d2a39fe\" data-element_type=\"container\" data-e-type=\"container\" data-settings=\"{&quot;background_background&quot;:&quot;classic&quot;,&quot;jet_parallax_layout_list&quot;:[]}\">\n\t\t\t\t\t<div class=\"e-con-inner\">\n\t\t\t\t<div class=\"elementor-element elementor-element-320218e elementor-view-stacked elementor-shape-circle elementor-widget elementor-widget-icon\" data-id=\"320218e\" data-element_type=\"widget\" data-e-type=\"widget\" data-widget_type=\"icon.default\">\n\t\t\t\t<div class=\"elementor-widget-container\">\n\t\t\t\t\t\t\t<div class=\"elementor-icon-wrapper\">\n\t\t\t<div class=\"elementor-icon\">\n\t\t\t<svg xmlns=\"http:\/\/www.w3.org\/2000\/svg\" width=\"64\" height=\"64\" viewbox=\"0 0 64 64\" fill=\"none\"><g id=\"lock-closed\"><path id=\"Vector\" d=\"M32 39.875V45.125M16.25 55.625H47.75C49.1424 55.625 50.4777 55.0719 51.4623 54.0873C52.4469 53.1027 53 51.7674 53 50.375V34.625C53 33.2326 52.4469 31.8973 51.4623 30.9127C50.4777 29.9281 49.1424 29.375 47.75 29.375H16.25C14.8576 29.375 13.5223 29.9281 12.5377 30.9127C11.5531 31.8973 11 33.2326 11 34.625V50.375C11 51.7674 11.5531 53.1027 12.5377 54.0873C13.5223 55.0719 14.8576 55.625 16.25 55.625ZM42.5 29.375V18.875C42.5 16.0902 41.3938 13.4195 39.4246 11.4504C37.4555 9.48125 34.7848 8.375 32 8.375C29.2152 8.375 26.5445 9.48125 24.5754 11.4504C22.6062 13.4195 21.5 16.0902 21.5 18.875V29.375H42.5Z\" stroke=\"#86E51E\" stroke-width=\"3\" stroke-linecap=\"round\" stroke-linejoin=\"round\"><\/path><\/g><\/svg>\t\t\t<\/div>\n\t\t<\/div>\n\t\t\t\t\t\t<\/div>\n\t\t\t\t<\/div>\n\t\t\t\t<div class=\"elementor-element elementor-element-4f3c2da elementor-widget elementor-widget-heading\" data-id=\"4f3c2da\" data-element_type=\"widget\" data-e-type=\"widget\" data-widget_type=\"heading.default\">\n\t\t\t\t<div class=\"elementor-widget-container\">\n\t\t\t\t\t<h1 class=\"elementor-heading-title elementor-size-default\">Controllo e conformit\u00e0 alle normative<\/h1>\t\t\t\t<\/div>\n\t\t\t\t<\/div>\n\t\t\t\t\t<\/div>\n\t\t\t\t<\/div>\n\t\t<div class=\"elementor-element elementor-element-10ba900 e-flex e-con-boxed e-con e-parent\" data-id=\"10ba900\" data-element_type=\"container\" data-e-type=\"container\" data-settings=\"{&quot;jet_parallax_layout_list&quot;:[]}\">\n\t\t\t\t\t<div class=\"e-con-inner\">\n\t\t\t\t<div class=\"elementor-element elementor-element-3e02052 elementor-widget elementor-widget-heading\" data-id=\"3e02052\" data-element_type=\"widget\" data-e-type=\"widget\" data-widget_type=\"heading.default\">\n\t\t\t\t<div class=\"elementor-widget-container\">\n\t\t\t\t\t<h2 class=\"elementor-heading-title elementor-size-default\">Utilizzate il vostro tempo prezioso per garantire la conformit\u00e0 piuttosto che cercare i testi e gli articoli che vi interessano.<\/h2>\t\t\t\t<\/div>\n\t\t\t\t<\/div>\n\t\t\t\t<div class=\"elementor-element elementor-element-a283720 elementor-widget elementor-widget-text-editor\" data-id=\"a283720\" data-element_type=\"widget\" data-e-type=\"widget\" data-widget_type=\"text-editor.default\">\n\t\t\t\t<div class=\"elementor-widget-container\">\n\t\t\t\t\t\t\t\t\t<p>Con il<b>rapidi cambiamenti nelle normative<\/b>Tenersi al passo con i nuovi sviluppi e le modifiche normative \u00e8 oggi una sfida importante per le aziende. Tenersi aggiornati ed elencare le leggi, le direttive e i regolamenti che le riguardano \u00e8 un compito importante.<\/p>\n<p>SIRIS+ \u00e8 consapevole dell'importanza di questa problematica per molte aziende e ha sviluppato un programma di <b>modulo di supporto al monitoraggio normativo<\/b> che vi permette di essere avvisati automaticamente delle modifiche normative che vi riguardano.<\/p>\n<p><span style=\"text-align: var(--text-align); color: var( --e-global-color-text ); font-family: var( --e-global-typography-text-font-family ), Sans-serif; font-size: var( --e-global-typography-text-font-size ); font-weight: var( --e-global-typography-text-font-weight ); text-transform: var( --e-global-typography-text-text-transform );\">SIRIS+ si spinge oltre, consentendo di <\/span><span style=\"text-align: var(--text-align); color: var( --e-global-color-text ); font-family: var( --e-global-typography-text-font-family ), Sans-serif; font-size: var( --e-global-typography-text-font-size ); text-transform: var( --e-global-typography-text-text-transform );\"><b>eseguire le vostre valutazioni di conformit\u00e0<\/b><\/span><span style=\"text-align: var(--text-align); color: var( --e-global-color-text ); font-family: var( --e-global-typography-text-font-family ), Sans-serif; font-size: var( --e-global-typography-text-font-size ); font-weight: var( --e-global-typography-text-font-weight ); text-transform: var( --e-global-typography-text-text-transform );\"> direttamente nel sistema&nbsp;&nbsp;<\/span><span style=\"text-align: var(--text-align); color: var( --e-global-color-text ); font-family: var( --e-global-typography-text-font-family ), Sans-serif; font-size: var( --e-global-typography-text-font-size ); font-weight: var( --e-global-typography-text-font-weight ); text-transform: var( --e-global-typography-text-text-transform );\">(complessivamente o per voce),<\/span><span style=\"color: var( --e-global-color-text ); font-family: var( --e-global-typography-text-font-family ), Sans-serif; font-size: var( --e-global-typography-text-font-size ); font-weight: var( --e-global-typography-text-font-weight ); text-align: var(--text-align); text-transform: var( --e-global-typography-text-text-transform );\">&nbsp;per unirsi <\/span><span style=\"color: var( --e-global-color-text ); font-family: var( --e-global-typography-text-font-family ), Sans-serif; font-size: var( --e-global-typography-text-font-size ); text-align: var(--text-align); text-transform: var( --e-global-typography-text-text-transform );\"><b>prova di conformit\u00e0<\/b><\/span><span style=\"color: var( --e-global-color-text ); font-family: var( --e-global-typography-text-font-family ), Sans-serif; font-size: var( --e-global-typography-text-font-size ); font-weight: var( --e-global-typography-text-font-weight ); text-align: var(--text-align); text-transform: var( --e-global-typography-text-text-transform );\"> e <\/span><span style=\"color: var( --e-global-color-text ); font-family: var( --e-global-typography-text-font-family ), Sans-serif; font-size: var( --e-global-typography-text-font-size ); text-align: var(--text-align); text-transform: var( --e-global-typography-text-text-transform );\"><b>azioni del piano <\/b><\/span><span style=\"color: var( --e-global-color-text ); font-family: var( --e-global-typography-text-font-family ), Sans-serif; font-size: var( --e-global-typography-text-font-size ); font-weight: var( --e-global-typography-text-font-weight ); text-align: var(--text-align); text-transform: var( --e-global-typography-text-text-transform );\">se necessario.<\/span><\/p>\n<p><br><\/p>\n<p><br><\/p>\n<ul>\n<\/ul>\t\t\t\t\t\t\t\t<\/div>\n\t\t\t\t<\/div>\n\t\t\t\t<div class=\"elementor-element elementor-element-5be6c4a elementor-align-center elementor-widget elementor-widget-button\" data-id=\"5be6c4a\" data-element_type=\"widget\" data-e-type=\"widget\" data-widget_type=\"button.default\">\n\t\t\t\t<div class=\"elementor-widget-container\">\n\t\t\t\t\t\t\t\t\t<div class=\"elementor-button-wrapper\">\n\t\t\t\t\t<a class=\"elementor-button elementor-button-link elementor-size-sm\" href=\"https:\/\/sirisplus.com\/it\">\n\t\t\t\t\t\t<span class=\"elementor-button-content-wrapper\">\n\t\t\t\t\t\t\t\t\t<span class=\"elementor-button-text\">Torna a casa<\/span>\n\t\t\t\t\t<\/span>\n\t\t\t\t\t<\/a>\n\t\t\t\t<\/div>\n\t\t\t\t\t\t\t\t<\/div>\n\t\t\t\t<\/div>\n\t\t\t\t\t<\/div>\n\t\t\t\t<\/div>\n\t\t<div class=\"elementor-element elementor-element-8d74e92 e-con-full e-flex e-con e-parent\" data-id=\"8d74e92\" data-element_type=\"container\" data-e-type=\"container\" data-settings=\"{&quot;jet_parallax_layout_list&quot;:[]}\">\n\t\t\t\t<div class=\"elementor-element elementor-element-b429a90 elementor-widget elementor-widget-template\" data-id=\"b429a90\" data-element_type=\"widget\" data-e-type=\"widget\" data-widget_type=\"template.default\">\n\t\t\t\t<div class=\"elementor-widget-container\">\n\t\t\t\t\t\t\t<div class=\"elementor-template\">\n\t\t\t\t\t<div data-elementor-type=\"container\" data-elementor-id=\"169\" class=\"elementor elementor-169\" data-elementor-post-type=\"elementor_library\">\n\t\t\t\t<div class=\"elementor-element elementor-element-f745dff e-flex e-con-boxed e-con e-parent\" data-id=\"f745dff\" data-element_type=\"container\" data-e-type=\"container\" data-settings=\"{&quot;background_background&quot;:&quot;classic&quot;,&quot;jet_parallax_layout_list&quot;:[]}\">\n\t\t\t\t\t<div class=\"e-con-inner\">\n\t\t\t\t<div class=\"elementor-element elementor-element-9aeeae2 elementor-widget elementor-widget-heading\" data-id=\"9aeeae2\" data-element_type=\"widget\" data-e-type=\"widget\" data-widget_type=\"heading.default\">\n\t\t\t\t<div class=\"elementor-widget-container\">\n\t\t\t\t\t<h2 class=\"elementor-heading-title elementor-size-default\">Programmare una demo<\/h2>\t\t\t\t<\/div>\n\t\t\t\t<\/div>\n\t\t\t\t<div class=\"elementor-element elementor-element-4488225 elementor-widget elementor-widget-text-editor\" data-id=\"4488225\" data-element_type=\"widget\" data-e-type=\"widget\" data-widget_type=\"text-editor.default\">\n\t\t\t\t<div class=\"elementor-widget-container\">\n\t\t\t\t\t\t\t\t\t<p>Perch\u00e9 la conformit\u00e0 e l'efficienza non devono essere complicate, SIRIS+ offre soluzioni rapide e intuitive per le vostre esigenze di qualit\u00e0, sicurezza e ambiente.<\/p>\t\t\t\t\t\t\t\t<\/div>\n\t\t\t\t<\/div>\n\t\t\t\t<div class=\"elementor-element elementor-element-c40a439 elementor-widget elementor-widget-video\" data-id=\"c40a439\" data-element_type=\"widget\" data-e-type=\"widget\" data-settings=\"{&quot;video_type&quot;:&quot;hosted&quot;,&quot;autoplay&quot;:&quot;yes&quot;,&quot;mute&quot;:&quot;yes&quot;,&quot;controls&quot;:&quot;yes&quot;}\" data-widget_type=\"video.default\">\n\t\t\t\t<div class=\"elementor-widget-container\">\n\t\t\t\t\t\t\t<div class=\"e-hosted-video elementor-wrapper elementor-open-inline\">\n\t\t\t\t\t<video class=\"elementor-video\" src=\"https:\/\/sirisplus.com\/wp-content\/uploads\/2024\/10\/Siris-logiciel-qualite-demande-demo.mp4\" autoplay=\"\" controls=\"\" muted=\"muted\" controlslist=\"nodownload\"><\/video>\n\t\t\t\t<\/div>\n\t\t\t\t\t\t<\/div>\n\t\t\t\t<\/div>\n\t\t\t\t<div class=\"elementor-element elementor-element-6569c57 elementor-align-center elementor-widget elementor-widget-button\" data-id=\"6569c57\" data-element_type=\"widget\" data-e-type=\"widget\" data-widget_type=\"button.default\">\n\t\t\t\t<div class=\"elementor-widget-container\">\n\t\t\t\t\t\t\t\t\t<div class=\"elementor-button-wrapper\">\n\t\t\t\t\t<a class=\"elementor-button elementor-button-link elementor-size-sm elementor-animation-grow\" href=\"https:\/\/sirisplus.com\/it\/reservation-demo-siris\/\" target=\"_blank\">\n\t\t\t\t\t\t<span class=\"elementor-button-content-wrapper\">\n\t\t\t\t\t\t\t\t\t<span class=\"elementor-button-text\">Richiedi una demo<\/span>\n\t\t\t\t\t<\/span>\n\t\t\t\t\t<\/a>\n\t\t\t\t<\/div>\n\t\t\t\t\t\t\t\t<\/div>\n\t\t\t\t<\/div>\n\t\t\t\t\t<\/div>\n\t\t\t\t<\/div>\n\t\t\t\t<\/div>\n\t\t\t\t<\/div>\n\t\t\t\t\t\t<\/div>\n\t\t\t\t<\/div>\n\t\t\t\t<\/div>\n\t\t\t\t<\/div>","protected":false},"excerpt":{"rendered":"<p>Utilisez votre pr\u00e9cieux temps pour assurer la conformit\u00e9 plut\u00f4t qu&rsquo;\u00e0 rechercher les textes et articles qui vous concernent. Avec l&rsquo;\u00e9volution rapide de la r\u00e9glementation, le suivi des nouveaut\u00e9s et modifications r\u00e9glementaire est aujourd&rsquo;hui un enjeu de taille pour les entreprises. Se tenir au courant et r\u00e9pertorier les lois, directives, r\u00e9glementation qui les concernent est une [&hellip;]<\/p>\n","protected":false},"author":1,"featured_media":0,"parent":0,"menu_order":0,"comment_status":"closed","ping_status":"closed","template":"elementor_header_footer","meta":{"footnotes":""},"class_list":["post-389","page","type-page","status-publish","hentry"],"_links":{"self":[{"href":"https:\/\/sirisplus.com\/it\/wp-json\/wp\/v2\/pages\/389","targetHints":{"allow":["GET"]}}],"collection":[{"href":"https:\/\/sirisplus.com\/it\/wp-json\/wp\/v2\/pages"}],"about":[{"href":"https:\/\/sirisplus.com\/it\/wp-json\/wp\/v2\/types\/page"}],"author":[{"embeddable":true,"href":"https:\/\/sirisplus.com\/it\/wp-json\/wp\/v2\/users\/1"}],"replies":[{"embeddable":true,"href":"https:\/\/sirisplus.com\/it\/wp-json\/wp\/v2\/comments?post=389"}],"version-history":[{"count":22,"href":"https:\/\/sirisplus.com\/it\/wp-json\/wp\/v2\/pages\/389\/revisions"}],"predecessor-version":[{"id":2265,"href":"https:\/\/sirisplus.com\/it\/wp-json\/wp\/v2\/pages\/389\/revisions\/2265"}],"wp:attachment":[{"href":"https:\/\/sirisplus.com\/it\/wp-json\/wp\/v2\/media?parent=389"}],"curies":[{"name":"wp","href":"https:\/\/api.w.org\/{rel}","templated":true}]}}