{"id":384,"date":"2024-01-30T19:25:50","date_gmt":"2024-01-30T18:25:50","guid":{"rendered":"https:\/\/siris.geekworkers.dev\/?page_id=384"},"modified":"2026-02-18T19:43:42","modified_gmt":"2026-02-18T18:43:42","slug":"assurez-vos-certifications-iso-ou-autres","status":"publish","type":"page","link":"https:\/\/sirisplus.com\/it\/assurez-vos-certifications-iso-ou-autres\/","title":{"rendered":"Garantire le certificazioni ISO o di altro tipo"},"content":{"rendered":"<div data-elementor-type=\"wp-page\" data-elementor-id=\"384\" class=\"elementor elementor-384\" data-elementor-post-type=\"page\">\n\t\t\t\t<div class=\"elementor-element elementor-element-d3e5d94 e-flex e-con-boxed e-con e-parent\" data-id=\"d3e5d94\" data-element_type=\"container\" data-e-type=\"container\" data-settings=\"{&quot;background_background&quot;:&quot;classic&quot;,&quot;jet_parallax_layout_list&quot;:[]}\">\n\t\t\t\t\t<div class=\"e-con-inner\">\n\t\t\t\t<div class=\"elementor-element elementor-element-defc290 elementor-view-stacked elementor-shape-circle elementor-widget elementor-widget-icon\" data-id=\"defc290\" data-element_type=\"widget\" data-e-type=\"widget\" data-widget_type=\"icon.default\">\n\t\t\t\t<div class=\"elementor-widget-container\">\n\t\t\t\t\t\t\t<div class=\"elementor-icon-wrapper\">\n\t\t\t<div class=\"elementor-icon\">\n\t\t\t<svg xmlns=\"http:\/\/www.w3.org\/2000\/svg\" xmlns:xlink=\"http:\/\/www.w3.org\/1999\/xlink\" fill=\"#5d92fd\" height=\"64px\" width=\"64px\" id=\"Layer_1\" viewbox=\"0 0 475 475\" xml:space=\"preserve\" stroke=\"#5d92fd\"><g id=\"SVGRepo_bgCarrier\" stroke-width=\"0\"><\/g><g id=\"SVGRepo_tracerCarrier\" stroke-linecap=\"round\" stroke-linejoin=\"round\"><\/g><g id=\"SVGRepo_iconCarrier\"> <g transform=\"translate(0 -540.36)\"> <g> <g> <path d=\"M79.5,720.86c0,4.1,3.4,7.5,7.5,7.5h301c4.2,0,7.6-3.4,7.6-7.5s-3.4-7.5-7.5-7.5H87C82.9,713.36,79.5,716.76,79.5,720.86 z\"><\/path> <path d=\"M237.5,907.26H87c-4.1,0-7.5,3.4-7.5,7.5s3.4,7.5,7.5,7.5h150.5c4.1,0,7.5-3.4,7.5-7.5S241.6,907.26,237.5,907.26z\"><\/path> <path d=\"M388,951.46h-56.9c-4.1,0-7.5,3.4-7.5,7.5s3.4,7.5,7.5,7.5H388c4.2,0,7.5-3.4,7.5-7.5S392.1,951.46,388,951.46z\"><\/path> <path d=\"M432.5,540.36h-390c-4.1,0-7.5,3.4-7.5,7.5v460c0,4.1,3.4,7.5,7.5,7.5h390c4.1,0,7.5-3.4,7.5-7.5v-460 C440,543.76,436.6,540.36,432.5,540.36z M94.5,555.36H163v99.3l-28.7-26.9c-2.9-2.7-7.3-2.7-10.2,0l-29.6,27.1V555.36z M425.1,1000.36H425H50v-445h29.5v116.6c0,3,1.8,5.7,4.5,6.9s5.9,0.7,8.1-1.4l37-34.1l36.3,34c1.4,1.3,3.3,2,5.1,2 c1,0,2-0.2,3-0.6c2.7-1.2,4.5-3.9,4.5-6.9v-116.6h247.1V1000.36z\"><\/path> <path d=\"M388.1,752.16H87c-4.1,0-7.5,3.4-7.5,7.5s3.4,7.5,7.5,7.5h301c4.2,0,7.6-3.4,7.6-7.5S392.2,752.16,388.1,752.16z\"><\/path> <path d=\"M388.1,790.96H87c-4.1,0-7.5,3.4-7.5,7.5s3.4,7.5,7.5,7.5h301c4.2,0,7.6-3.4,7.6-7.5S392.2,790.96,388.1,790.96z\"><\/path> <path d=\"M388.1,829.66H87c-4.1,0-7.5,3.4-7.5,7.5s3.4,7.5,7.5,7.5h301c4.2,0,7.6-3.4,7.6-7.5S392.2,829.66,388.1,829.66z\"><\/path> <path d=\"M388.1,868.46H87c-4.1,0-7.5,3.4-7.5,7.5s3.4,7.5,7.5,7.5h301c4.2,0,7.6-3.4,7.6-7.5S392.2,868.46,388.1,868.46z\"><\/path> <\/g> <\/g> <\/g> <\/g><\/svg>\t\t\t<\/div>\n\t\t<\/div>\n\t\t\t\t\t\t<\/div>\n\t\t\t\t<\/div>\n\t\t\t\t<div class=\"elementor-element elementor-element-e028009 elementor-widget elementor-widget-heading\" data-id=\"e028009\" data-element_type=\"widget\" data-e-type=\"widget\" data-widget_type=\"heading.default\">\n\t\t\t\t<div class=\"elementor-widget-container\">\n\t\t\t\t\t<h1 class=\"elementor-heading-title elementor-size-default\">Garantire le certificazioni ISO o di altro tipo<\/h1>\t\t\t\t<\/div>\n\t\t\t\t<\/div>\n\t\t\t\t\t<\/div>\n\t\t\t\t<\/div>\n\t\t<div class=\"elementor-element elementor-element-10ba900 e-flex e-con-boxed e-con e-parent\" data-id=\"10ba900\" data-element_type=\"container\" data-e-type=\"container\" data-settings=\"{&quot;jet_parallax_layout_list&quot;:[]}\">\n\t\t\t\t\t<div class=\"e-con-inner\">\n\t\t\t\t<div class=\"elementor-element elementor-element-518065a elementor-widget elementor-widget-heading\" data-id=\"518065a\" data-element_type=\"widget\" data-e-type=\"widget\" data-widget_type=\"heading.default\">\n\t\t\t\t<div class=\"elementor-widget-container\">\n\t\t\t\t\t<h2 class=\"elementor-heading-title elementor-size-default\">SIRIS+ consente di superare con successo tutti gli audit di certificazione e di gestire efficacemente il sistema di gestione.<\/h2>\t\t\t\t<\/div>\n\t\t\t\t<\/div>\n\t\t\t\t<div class=\"elementor-element elementor-element-5be6c4a elementor-align-center elementor-widget elementor-widget-button\" data-id=\"5be6c4a\" data-element_type=\"widget\" data-e-type=\"widget\" data-widget_type=\"button.default\">\n\t\t\t\t<div class=\"elementor-widget-container\">\n\t\t\t\t\t\t\t\t\t<div class=\"elementor-button-wrapper\">\n\t\t\t\t\t<a class=\"elementor-button elementor-button-link elementor-size-sm\" href=\"https:\/\/sirisplus.com\/it\">\n\t\t\t\t\t\t<span class=\"elementor-button-content-wrapper\">\n\t\t\t\t\t\t\t\t\t<span class=\"elementor-button-text\">Torna a casa<\/span>\n\t\t\t\t\t<\/span>\n\t\t\t\t\t<\/a>\n\t\t\t\t<\/div>\n\t\t\t\t\t\t\t\t<\/div>\n\t\t\t\t<\/div>\n\t\t\t\t<div class=\"elementor-element elementor-element-a283720 elementor-widget elementor-widget-text-editor\" data-id=\"a283720\" data-element_type=\"widget\" data-e-type=\"widget\" data-widget_type=\"text-editor.default\">\n\t\t\t\t<div class=\"elementor-widget-container\">\n\t\t\t\t\t\t\t\t\t<p><b>ISO 9001, EFQM, eduQua e altre certificazioni: la qualit\u00e0 dei vostri prodotti e servizi con SIRIS+.<\/b><\/p>\n<p>La qualit\u00e0 dei vostri prodotti e servizi \u00e8 una delle vostre principali priorit\u00e0? Siete alla ricerca di modi per migliorare continuamente e in modo pragmatico la qualit\u00e0 dei vostri prodotti e servizi?&nbsp;<strong>soddisfazione del cliente<\/strong>&nbsp;?&nbsp;<\/p>\n<p>Con SIRIS+ avete a disposizione tutti gli strumenti necessari per strutturare il miglioramento continuo in linea con le migliori pratiche (ISO 9001, EFQM, ecc.), tra cui :<\/p>\n<ul>\n<li>Analisi di&nbsp;<strong>esigenze&nbsp;<\/strong>del vostro<strong>&nbsp;parti interessate<\/strong>&nbsp;clienti, personale, fornitori, investitori, ecc.<em>gestione degli stakeholder<\/em>)<\/li>\n<li>Analisi di&nbsp;<strong>rischi<\/strong>&nbsp;e&nbsp;<strong>opportunit\u00e0<\/strong>&nbsp;per la vostra azienda<\/li>\n<li><strong>Modellazione<\/strong>&nbsp;e&nbsp;<strong>automazione<\/strong>&nbsp;del vostro&nbsp;<strong>processi interni<\/strong>per esempio sotto forma di diagramma di flusso BPMN<\/li>\n<li>Monitoraggio&nbsp;<strong>azione preventiva e correttiva<\/strong>&nbsp;ad esempio, in caso di non conformit\u00e0 o di reclamo<\/li>\n<li><strong>Cruscotto<\/strong>&nbsp;visivo (<em>cruscotto<\/em>&nbsp;con indicatori personalizzabili) che fornisce una panoramica della qualit\u00e0 dei vostri prodotti e\/o servizi e delle aree di miglioramento.<\/li>\n<li>Audit del vostro&nbsp;<strong>fornitori<\/strong><\/li>\n<li>... e altro ancora!<\/li>\n<\/ul>\n<div>&nbsp;<\/div>\n<div>\n<p><b>ISO 45001 e altre certificazioni: salute e sicurezza del personale e di terzi con SIRIS+.<\/b><\/p>\n<p>La gestione della salute e della sicurezza \u00e8 una questione fondamentale per le aziende. Proteggere la salute e la sicurezza dei clienti, del personale e dei partner \u00e8 un bene per l'organizzazione, in termini umani, normativi e anche finanziari. Infatti, lo sviluppo di una cultura positiva della sicurezza sul posto di lavoro porta benefici in termini di efficienza, risparmio di tempo e immagine positiva, sia all'interno che all'esterno.<\/p>\n<p>Con SIRIS+ \u00e8 possibile gestire l'intero sistema di gestione della salute e della sicurezza:<\/p>\n<ul style=\"font-size: 16px; background-color: #ffffff;\">\n<li style=\"font-size: 16px;\"><span style=\"font-weight: bold;\">Portafoglio dei rischi<\/span>&nbsp;(il metodo pu\u00f2 essere configurato secondo la propria metodologia o secondo un metodo riconosciuto come il metodo SUVA n. 66105.f)<\/li>\n<li style=\"font-size: 16px;\"><span style=\"font-weight: bold;\">Analisi del rischio<\/span>&nbsp;(questo metodo pu\u00f2 essere configurato secondo la propria metodologia o secondo un metodo riconosciuto come il metodo SUVA n. 66099.f)<\/li>\n<li style=\"font-size: 16px;\"><span style=\"font-weight: bold;\">Gestione delle apparecchiature<\/span>&nbsp;(inventario, controlli)<\/li>\n<li style=\"font-size: 16px;\">Gestione&nbsp;<span style=\"font-weight: bold;\">approvazioni<\/span>&nbsp;regolatore<\/li>\n<li style=\"font-size: 16px;\">Gestione dei prodotti chimici<\/li>\n<li style=\"font-size: 16px;\">Gestione di&nbsp;<span style=\"font-weight: bold;\">dispositivi di protezione individuale<\/span>&nbsp;(EPI)&nbsp;<\/li>\n<li style=\"font-size: 16px;\"><span style=\"font-weight: bold;\">Ispezioni di sicurezza&nbsp;<\/span>(sicurezza partecipativa, sicurezza comportamentale)<\/li>\n<li style=\"font-size: 16px;\">... e molto altro ancora!<\/li>\n<\/ul>\n<p><b style=\"text-align: var(--text-align); color: var( --e-global-color-text ); font-family: var( --e-global-typography-text-font-family ), Sans-serif; font-size: var( --e-global-typography-text-font-size ); text-transform: var( --e-global-typography-text-text-transform );\">&nbsp;<\/b><\/p>\n<p><b>ISO 14001 e altre certificazioni: gestione della sostenibilit\u00e0 con SIRIS+<\/b><\/p>\n<p>Gestire le organizzazioni in modo sostenibile \u00e8 una questione fondamentale per le organizzazioni di oggi. Rendere le attivit\u00e0 veramente sostenibili fa parte della gestione del cambiamento. Richiede un approccio strutturato e partecipativo.<\/p>\n<p>Ma cos'\u00e8 esattamente la sostenibilit\u00e0? Secondo il Rapporto Brundtland (1987), \u00e8 uno sviluppo che soddisfa le esigenze del presente senza compromettere la capacit\u00e0 delle generazioni future di soddisfare i propri bisogni.<br>Con SIRIS+ si copre l'intero ciclo di miglioramento continuo in termini di sostenibilit\u00e0, in linea con le migliori pratiche ISO 26000 e ISO 14001:<\/p>\n<ul style=\"font-size: 16px; background-color: #ffffff;\">\n<li style=\"font-size: 16px;\">Analisi e valutazione di&nbsp;<span style=\"font-weight: bold;\">impatti ambientali<\/span><\/li>\n<li style=\"font-size: 16px;\">Identificazione degli impatti ambientali significativi<\/li>\n<li style=\"font-size: 16px;\">Analisi e valutazione di&nbsp;<span style=\"font-weight: bold;\">impatti sulla societ\u00e0<\/span><\/li>\n<li style=\"font-size: 16px;\">Istituzione di un&nbsp;<span style=\"font-weight: bold;\">tabella di marcia<\/span>&nbsp;(roadmap) per la responsabilit\u00e0 sociale della vostra organizzazione (CSR\/RSO)<\/li>\n<li style=\"font-size: 16px;\"><span style=\"font-weight: bold;\">Lista di controllo per la valutazione della sostenibilit\u00e0<\/span>&nbsp;i vostri prodotti, servizi e progetti.<\/li>\n<li style=\"font-size: 16px;\">Associazione di&nbsp;<span style=\"font-weight: bold;\">audit del carbonio<\/span>&nbsp;o&nbsp;<span style=\"font-weight: bold;\">valutazione del ciclo di vita&nbsp;<\/span>o bilanci energetici per ognuno dei vostri processi, prodotti e servizi (contabilit\u00e0 ambientale)<\/li>\n<li style=\"font-size: 16px;\">... e molto altro ancora&nbsp;<\/li>\n<\/ul>\n<\/div>\n<div>&nbsp;<\/div>\t\t\t\t\t\t\t\t<\/div>\n\t\t\t\t<\/div>\n\t\t\t\t\t<\/div>\n\t\t\t\t<\/div>\n\t\t<div class=\"elementor-element elementor-element-efa02c3 e-con-full e-flex e-con e-parent\" data-id=\"efa02c3\" data-element_type=\"container\" data-e-type=\"container\" data-settings=\"{&quot;jet_parallax_layout_list&quot;:[]}\">\n\t\t\t\t<div class=\"elementor-element elementor-element-2a1b1a7 elementor-widget elementor-widget-template\" data-id=\"2a1b1a7\" data-element_type=\"widget\" data-e-type=\"widget\" data-widget_type=\"template.default\">\n\t\t\t\t<div class=\"elementor-widget-container\">\n\t\t\t\t\t\t\t<div class=\"elementor-template\">\n\t\t\t\t\t<div data-elementor-type=\"container\" data-elementor-id=\"1929\" class=\"elementor elementor-1929\" data-elementor-post-type=\"elementor_library\">\n\t\t\t\t<div class=\"elementor-element elementor-element-43446c08 e-flex e-con-boxed e-con e-parent\" data-id=\"43446c08\" data-element_type=\"container\" data-e-type=\"container\" data-settings=\"{&quot;background_background&quot;:&quot;classic&quot;,&quot;jet_parallax_layout_list&quot;:[]}\">\n\t\t\t\t\t<div class=\"e-con-inner\">\n\t\t<div class=\"elementor-element elementor-element-124e426 e-grid e-con-full e-con e-child\" data-id=\"124e426\" data-element_type=\"container\" data-e-type=\"container\" data-settings=\"{&quot;jet_parallax_layout_list&quot;:[]}\">\n\t\t\t\t<div class=\"elementor-element elementor-element-55e056a7 elementor-widget elementor-widget-heading\" data-id=\"55e056a7\" data-element_type=\"widget\" data-e-type=\"widget\" data-widget_type=\"heading.default\">\n\t\t\t\t<div class=\"elementor-widget-container\">\n\t\t\t\t\t<h2 class=\"elementor-heading-title elementor-size-default\">Pianificare in anticipo <span class=\"primary-color\">una demo<\/span><\/h2>\t\t\t\t<\/div>\n\t\t\t\t<\/div>\n\t\t<div class=\"elementor-element elementor-element-b94da5d e-con-full e-flex e-con e-child\" data-id=\"b94da5d\" data-element_type=\"container\" data-e-type=\"container\" data-settings=\"{&quot;jet_parallax_layout_list&quot;:[]}\">\n\t\t\t\t<div class=\"elementor-element elementor-element-4593d010 elementor-widget elementor-widget-text-editor\" data-id=\"4593d010\" data-element_type=\"widget\" data-e-type=\"widget\" data-widget_type=\"text-editor.default\">\n\t\t\t\t<div class=\"elementor-widget-container\">\n\t\t\t\t\t\t\t\t\t<p>Perch\u00e9 la conformit\u00e0 e l'efficienza non devono essere complicate, SIRIS+ offre soluzioni rapide e intuitive per le vostre esigenze di qualit\u00e0, sicurezza e ambiente.<\/p>\t\t\t\t\t\t\t\t<\/div>\n\t\t\t\t<\/div>\n\t\t\t\t<div class=\"elementor-element elementor-element-557edfb9 elementor-widget elementor-widget-button\" data-id=\"557edfb9\" data-element_type=\"widget\" data-e-type=\"widget\" data-widget_type=\"button.default\">\n\t\t\t\t<div class=\"elementor-widget-container\">\n\t\t\t\t\t\t\t\t\t<div class=\"elementor-button-wrapper\">\n\t\t\t\t\t<a class=\"elementor-button elementor-button-link elementor-size-sm\" href=\"https:\/\/sirisplus.com\/it\/contact\/\">\n\t\t\t\t\t\t<span class=\"elementor-button-content-wrapper\">\n\t\t\t\t\t\t\t\t\t<span class=\"elementor-button-text\">Richiedi una demo<\/span>\n\t\t\t\t\t<\/span>\n\t\t\t\t\t<\/a>\n\t\t\t\t<\/div>\n\t\t\t\t\t\t\t\t<\/div>\n\t\t\t\t<\/div>\n\t\t\t\t<\/div>\n\t\t\t\t<\/div>\n\t\t\t\t<div class=\"elementor-element elementor-element-6bccb2ba elementor-widget elementor-widget-video\" data-id=\"6bccb2ba\" data-element_type=\"widget\" data-e-type=\"widget\" data-settings=\"{&quot;show_image_overlay&quot;:&quot;yes&quot;,&quot;image_overlay&quot;:{&quot;url&quot;:&quot;https:\\\/\\\/sirisplus.com\\\/wp-content\\\/uploads\\\/2026\\\/01\\\/3e3956f1a639702c9606505de92e38406fab5123-scaled.jpg&quot;,&quot;id&quot;:1609,&quot;size&quot;:&quot;&quot;,&quot;alt&quot;:&quot;&quot;,&quot;source&quot;:&quot;library&quot;},&quot;video_type&quot;:&quot;hosted&quot;,&quot;controls&quot;:&quot;yes&quot;}\" data-widget_type=\"video.default\">\n\t\t\t\t<div class=\"elementor-widget-container\">\n\t\t\t\t\t\t\t<div class=\"e-hosted-video elementor-wrapper elementor-open-inline\">\n\t\t\t\t\t<video class=\"elementor-video\" src=\"https:\/\/sirisplus.com\/wp-content\/uploads\/2024\/10\/Siris-logiciel-qualite-demande-demo.mp4\" controls=\"\" preload=\"metadata\" controlslist=\"nodownload\"><\/video>\n\t\t\t\t\t\t<div class=\"elementor-custom-embed-image-overlay\" style=\"background-image: url(https:\/\/sirisplus.com\/wp-content\/uploads\/2026\/01\/3e3956f1a639702c9606505de92e38406fab5123-scaled.jpg);\">\n\t\t\t\t\t\t\t\t\t\t\t\t\t\t\t\t<div class=\"elementor-custom-embed-play\" role=\"button\" aria-label=\"Riproduzione del video\" tabindex=\"0\">\n\t\t\t\t\t\t\t<svg aria-hidden=\"true\" class=\"e-font-icon-svg e-eicon-play\" viewbox=\"0 0 1000 1000\" xmlns=\"http:\/\/www.w3.org\/2000\/svg\"><path d=\"M838 162C746 71 633 25 500 25 371 25 258 71 163 162 71 254 25 367 25 500 25 633 71 746 163 837 254 929 367 979 500 979 633 979 746 933 838 837 929 746 975 633 975 500 975 367 929 254 838 162M808 192C892 279 933 379 933 500 933 621 892 725 808 808 725 892 621 938 500 938 379 938 279 896 196 808 113 725 67 621 67 500 67 379 108 279 196 192 279 108 383 62 500 62 621 62 721 108 808 192M438 392V642L642 517 438 392Z\"><\/path><\/svg>\t\t\t\t\t\t<\/div>\n\t\t\t\t\t\t\t\t\t<\/div>\n\t\t\t\t\t<\/div>\n\t\t\t\t\t\t<\/div>\n\t\t\t\t<\/div>\n\t\t\t\t\t<\/div>\n\t\t\t\t<\/div>\n\t\t\t\t<\/div>\n\t\t\t\t<\/div>\n\t\t\t\t\t\t<\/div>\n\t\t\t\t<\/div>\n\t\t\t\t<\/div>\n\t\t\t\t<\/div>","protected":false},"excerpt":{"rendered":"<p>SIRIS+ vous permet de passer avec succ\u00e8s tous vos audits de certification et de g\u00e9rer votre syst\u00e8me de management de fa\u00e7on efficace. Retour Accueil Certification ISO 9001, EFQM, eduQua et autres : La qualit\u00e9 de vos produits et services avec SIRIS+ La qualit\u00e9 de vos produits et services est au coeur de vos priorit\u00e9s ? [&hellip;]<\/p>\n","protected":false},"author":1,"featured_media":0,"parent":0,"menu_order":0,"comment_status":"closed","ping_status":"closed","template":"elementor_header_footer","meta":{"footnotes":""},"class_list":["post-384","page","type-page","status-publish","hentry"],"_links":{"self":[{"href":"https:\/\/sirisplus.com\/it\/wp-json\/wp\/v2\/pages\/384","targetHints":{"allow":["GET"]}}],"collection":[{"href":"https:\/\/sirisplus.com\/it\/wp-json\/wp\/v2\/pages"}],"about":[{"href":"https:\/\/sirisplus.com\/it\/wp-json\/wp\/v2\/types\/page"}],"author":[{"embeddable":true,"href":"https:\/\/sirisplus.com\/it\/wp-json\/wp\/v2\/users\/1"}],"replies":[{"embeddable":true,"href":"https:\/\/sirisplus.com\/it\/wp-json\/wp\/v2\/comments?post=384"}],"version-history":[{"count":28,"href":"https:\/\/sirisplus.com\/it\/wp-json\/wp\/v2\/pages\/384\/revisions"}],"predecessor-version":[{"id":2256,"href":"https:\/\/sirisplus.com\/it\/wp-json\/wp\/v2\/pages\/384\/revisions\/2256"}],"wp:attachment":[{"href":"https:\/\/sirisplus.com\/it\/wp-json\/wp\/v2\/media?parent=384"}],"curies":[{"name":"wp","href":"https:\/\/api.w.org\/{rel}","templated":true}]}}