{"id":3,"date":"2024-01-16T17:14:20","date_gmt":"2024-01-16T17:14:20","guid":{"rendered":"https:\/\/siris.geekworkers.dev\/?page_id=3"},"modified":"2026-02-19T09:26:04","modified_gmt":"2026-02-19T08:26:04","slug":"politique-de-confidentialite","status":"publish","type":"page","link":"https:\/\/sirisplus.com\/es\/politique-de-confidentialite\/","title":{"rendered":"Politique de confidentialit\u00e9"},"content":{"rendered":"<div data-elementor-type=\"wp-page\" data-elementor-id=\"3\" class=\"elementor elementor-3\" data-elementor-post-type=\"page\">\n\t\t\t\t<div class=\"elementor-element elementor-element-ba87334 e-flex e-con-boxed e-con e-parent\" data-id=\"ba87334\" data-element_type=\"container\" data-e-type=\"container\" data-settings=\"{&quot;background_background&quot;:&quot;classic&quot;,&quot;jet_parallax_layout_list&quot;:[]}\">\n\t\t\t\t\t<div class=\"e-con-inner\">\n\t\t\t\t<div class=\"elementor-element elementor-element-e897b82 elementor-widget elementor-widget-heading\" data-id=\"e897b82\" data-element_type=\"widget\" data-e-type=\"widget\" data-widget_type=\"heading.default\">\n\t\t\t\t<div class=\"elementor-widget-container\">\n\t\t\t\t\t<h1 class=\"elementor-heading-title elementor-size-default\">Condiciones de uso y pol\u00edtica de privacidad<\/h1>\t\t\t\t<\/div>\n\t\t\t\t<\/div>\n\t\t\t\t\t<\/div>\n\t\t\t\t<\/div>\n\t\t<div class=\"elementor-element elementor-element-1ad003c e-flex e-con-boxed e-con e-parent\" data-id=\"1ad003c\" data-element_type=\"container\" data-e-type=\"container\" data-settings=\"{&quot;jet_parallax_layout_list&quot;:[]}\">\n\t\t\t\t\t<div class=\"e-con-inner\">\n\t\t\t\t<div class=\"elementor-element elementor-element-882ac3b elementor-widget elementor-widget-heading\" data-id=\"882ac3b\" data-element_type=\"widget\" data-e-type=\"widget\" data-widget_type=\"heading.default\">\n\t\t\t\t<div class=\"elementor-widget-container\">\n\t\t\t\t\t<h2 class=\"elementor-heading-title elementor-size-default\">1. Introducci\u00f3n<\/h2>\t\t\t\t<\/div>\n\t\t\t\t<\/div>\n\t\t\t\t<div class=\"elementor-element elementor-element-5d84c7f elementor-widget elementor-widget-text-editor\" data-id=\"5d84c7f\" data-element_type=\"widget\" data-e-type=\"widget\" data-widget_type=\"text-editor.default\">\n\t\t\t\t<div class=\"elementor-widget-container\">\n\t\t\t\t\t\t\t\t\t<p>El departamento qse-software de Thalent SA (en adelante \"nosotros\" o \"nos\") agradece su visita a nuestros sitios web y el inter\u00e9s que usted (visitante\/usuario del sitio web) tiene en nuestra empresa y nuestros productos.<\/p>\n<p>Este documento describe las condiciones de uso del sitio web\u00a0<a href=\"https:\/\/www.qse-software.ch\/\" target=\"_blank\" rel=\"noopener\">www.qse-software.ch<\/a>\u00a0y\u00a0<a href=\"http:\/\/www.sirisplus.ch\/\" target=\"_blank\" rel=\"noopener\">www.sirisplus.ch<\/a>\u00a0as\u00ed como la correspondiente declaraci\u00f3n de protecci\u00f3n de datos personales.<\/p>\n<p>Al acceder a nuestros sitios web, usted acepta todas estas condiciones.<\/p>\t\t\t\t\t\t\t\t<\/div>\n\t\t\t\t<\/div>\n\t\t\t\t<div class=\"elementor-element elementor-element-e497aad elementor-widget elementor-widget-heading\" data-id=\"e497aad\" data-element_type=\"widget\" data-e-type=\"widget\" data-widget_type=\"heading.default\">\n\t\t\t\t<div class=\"elementor-widget-container\">\n\t\t\t\t\t<h2 class=\"elementor-heading-title elementor-size-default\">2. 2. Propiedad intelectual<\/h2>\t\t\t\t<\/div>\n\t\t\t\t<\/div>\n\t\t\t\t<div class=\"elementor-element elementor-element-10202b2 elementor-widget elementor-widget-text-editor\" data-id=\"10202b2\" data-element_type=\"widget\" data-e-type=\"widget\" data-widget_type=\"text-editor.default\">\n\t\t\t\t<div class=\"elementor-widget-container\">\n\t\t\t\t\t\t\t\t\t<p>Todo el contenido del sitio web (textos, dise\u00f1os, im\u00e1genes, logotipos, marcas, archivos, etc.) est\u00e1 protegido por la legislaci\u00f3n sobre propiedad intelectual y, en particular, por la legislaci\u00f3n relativa a los derechos de autor y derechos afines. Es propiedad exclusiva del propietario del sitio o de los titulares de los derechos respectivos.<\/p>\n<p>Este contenido no puede ser utilizado, modificado, reproducido o transmitido (electr\u00f3nicamente o por otros medios) sin la autorizaci\u00f3n previa por escrito del propietario del sitio o del tercero titular de los derechos correspondientes.<\/p>\t\t\t\t\t\t\t\t<\/div>\n\t\t\t\t<\/div>\n\t\t\t\t<div class=\"elementor-element elementor-element-04f5b95 elementor-widget elementor-widget-heading\" data-id=\"04f5b95\" data-element_type=\"widget\" data-e-type=\"widget\" data-widget_type=\"heading.default\">\n\t\t\t\t<div class=\"elementor-widget-container\">\n\t\t\t\t\t<h2 class=\"elementor-heading-title elementor-size-default\">3. Declaraci\u00f3n de protecci\u00f3n de datos personales<\/h2>\t\t\t\t<\/div>\n\t\t\t\t<\/div>\n\t\t\t\t<div class=\"elementor-element elementor-element-a88cf17 elementor-widget elementor-widget-text-editor\" data-id=\"a88cf17\" data-element_type=\"widget\" data-e-type=\"widget\" data-widget_type=\"text-editor.default\">\n\t\t\t\t<div class=\"elementor-widget-container\">\n\t\t\t\t\t\t\t\t\t<p>Nos tomamos muy en serio la protecci\u00f3n y seguridad de los datos personales que se nos conf\u00edan y queremos que se sienta seguro y c\u00f3modo cuando visite nuestro sitio web y utilice nuestros servicios.<\/p>\n<p>Para nosotros es importante que sepa qu\u00e9 datos personales se recogen cuando utiliza nuestras ofertas y servicios, y c\u00f3mo los utilizamos despu\u00e9s.<\/p>\t\t\t\t\t\t\t\t<\/div>\n\t\t\t\t<\/div>\n\t\t\t\t<div class=\"elementor-element elementor-element-52f06c5 elementor-widget elementor-widget-heading\" data-id=\"52f06c5\" data-element_type=\"widget\" data-e-type=\"widget\" data-widget_type=\"heading.default\">\n\t\t\t\t<div class=\"elementor-widget-container\">\n\t\t\t\t\t<h3 class=\"elementor-heading-title elementor-size-default\">3.1. Datos tratados y finalidades<\/h3>\t\t\t\t<\/div>\n\t\t\t\t<\/div>\n\t\t\t\t<div class=\"elementor-element elementor-element-3d0848f elementor-widget elementor-widget-heading\" data-id=\"3d0848f\" data-element_type=\"widget\" data-e-type=\"widget\" data-widget_type=\"heading.default\">\n\t\t\t\t<div class=\"elementor-widget-container\">\n\t\t\t\t\t<h4 class=\"elementor-heading-title elementor-size-default\">3.1.1. Datos que nos comunica<\/h4>\t\t\t\t<\/div>\n\t\t\t\t<\/div>\n\t\t\t\t<div class=\"elementor-element elementor-element-3dc29fd elementor-widget elementor-widget-text-editor\" data-id=\"3dc29fd\" data-element_type=\"widget\" data-e-type=\"widget\" data-widget_type=\"text-editor.default\">\n\t\t\t\t<div class=\"elementor-widget-container\">\n\t\t\t\t\t\t\t\t\t<p>Con el fin de responder a sus solicitudes y ofrecerle el mejor servicio posible, se procesan los siguientes datos:<\/p>\n<ul>\n<li>Nombre<\/li>\n<li>Nombre<\/li>\n<li>Empresa<\/li>\n<li>Correo electr\u00f3nico<\/li>\n<li>Contenido de los mensajes escritos por usted<\/li>\n<\/ul>\n<p>\u00a0<\/p>\n<p>Estos datos se recogen, por ejemplo, cuando nos env\u00eda un formulario de solicitud.<\/p>\t\t\t\t\t\t\t\t<\/div>\n\t\t\t\t<\/div>\n\t\t\t\t<div class=\"elementor-element elementor-element-a9f455f elementor-widget elementor-widget-heading\" data-id=\"a9f455f\" data-element_type=\"widget\" data-e-type=\"widget\" data-widget_type=\"heading.default\">\n\t\t\t\t<div class=\"elementor-widget-container\">\n\t\t\t\t\t<h4 class=\"elementor-heading-title elementor-size-default\">3.1.2. Datos que registramos autom\u00e1ticamente<\/h4>\t\t\t\t<\/div>\n\t\t\t\t<\/div>\n\t\t\t\t<div class=\"elementor-element elementor-element-6cd993a elementor-widget elementor-widget-text-editor\" data-id=\"6cd993a\" data-element_type=\"widget\" data-e-type=\"widget\" data-widget_type=\"text-editor.default\">\n\t\t\t\t<div class=\"elementor-widget-container\">\n\t\t\t\t\t\t\t\t\t<p>Tambi\u00e9n utilizamos herramientas de terceros (cookies y herramientas de seguimiento) para los siguientes fines:<\/p>\n<ul>\n<li>Garantizar la seguridad de la navegaci\u00f3n<\/li>\n<li>Mejorar su experiencia de navegaci\u00f3n en nuestro sitio web (las cookies de preferencias permiten que un sitio web recuerde su configuraci\u00f3n de preferencias personales, por ejemplo: idioma, configuraci\u00f3n, formularios preintroducidos, etc.).<\/li>\n<li>Analizar estad\u00edsticas sobre el uso de nuestro sitio web<\/li>\n<\/ul>\n<p><br \/>Este sitio web utiliza Google Analytics, un servicio de an\u00e1lisis web prestado por Google Inc (\"Google\"). Google Analytics utiliza \"cookies\", que son archivos de texto ubicados en su ordenador, para ayudar al website a analizar el uso que hacen los usuarios del sitio web. La informaci\u00f3n que genera la cookie acerca de su uso del website (incluyendo su direcci\u00f3n IP) ser\u00e1 directamente transmitida y archivada por Google en los servidores de Estados Unidos. Google usar\u00e1 esta informaci\u00f3n por cuenta nuestra con el prop\u00f3sito de seguir la pista de su uso del website, recopilando informes de la actividad del website y prestando otros servicios relacionados con la actividad del website y el uso de Internet. Google podr\u00e1 transmitir dicha informaci\u00f3n a terceros cuando as\u00ed se lo requiera la legislaci\u00f3n, o cuando dichos terceros procesen la informaci\u00f3n por cuenta de Google, incluyendo, en particular, el editor de este sitio web.<\/p>\n<ul>\n<li>Dar a conocer nuestra empresa y nuestros productos (marketing)<\/li>\n<\/ul>\n<p><br \/>Las cookies de marketing se utilizan para hacer un seguimiento de los visitantes de los sitios web. El objetivo es mostrar publicidad que sea relevante e interesante para el usuario individual y, por lo tanto, m\u00e1s valiosa para los editores y anunciantes de terceros.<\/p>\t\t\t\t\t\t\t\t<\/div>\n\t\t\t\t<\/div>\n\t\t\t\t<div class=\"elementor-element elementor-element-13e186a elementor-widget elementor-widget-heading\" data-id=\"13e186a\" data-element_type=\"widget\" data-e-type=\"widget\" data-widget_type=\"heading.default\">\n\t\t\t\t<div class=\"elementor-widget-container\">\n\t\t\t\t\t<h3 class=\"elementor-heading-title elementor-size-default\">3.2. Transmisi\u00f3n a terceros<\/h3>\t\t\t\t<\/div>\n\t\t\t\t<\/div>\n\t\t\t\t<div class=\"elementor-element elementor-element-b6f4833 elementor-widget elementor-widget-text-editor\" data-id=\"b6f4833\" data-element_type=\"widget\" data-e-type=\"widget\" data-widget_type=\"text-editor.default\">\n\t\t\t\t<div class=\"elementor-widget-container\">\n\t\t\t\t\t\t\t\t\t<p>No vendemos sus datos a terceros. S\u00f3lo transmitimos a nuestros socios los datos necesarios para responder a sus solicitudes y ofrecerle el mejor servicio posible.<\/p>\t\t\t\t\t\t\t\t<\/div>\n\t\t\t\t<\/div>\n\t\t\t\t<div class=\"elementor-element elementor-element-7322132 elementor-widget elementor-widget-heading\" data-id=\"7322132\" data-element_type=\"widget\" data-e-type=\"widget\" data-widget_type=\"heading.default\">\n\t\t\t\t<div class=\"elementor-widget-container\">\n\t\t\t\t\t<h3 class=\"elementor-heading-title elementor-size-default\">3.3 Consentimiento<\/h3>\t\t\t\t<\/div>\n\t\t\t\t<\/div>\n\t\t\t\t<div class=\"elementor-element elementor-element-3ea730e elementor-widget elementor-widget-text-editor\" data-id=\"3ea730e\" data-element_type=\"widget\" data-e-type=\"widget\" data-widget_type=\"text-editor.default\">\n\t\t\t\t<div class=\"elementor-widget-container\">\n\t\t\t\t\t\t\t\t\t<p>Al utilizar nuestro sitio, usted acepta los t\u00e9rminos de nuestra declaraci\u00f3n de privacidad.<\/p>\t\t\t\t\t\t\t\t<\/div>\n\t\t\t\t<\/div>\n\t\t\t\t<div class=\"elementor-element elementor-element-047ac85 elementor-widget elementor-widget-heading\" data-id=\"047ac85\" data-element_type=\"widget\" data-e-type=\"widget\" data-widget_type=\"heading.default\">\n\t\t\t\t<div class=\"elementor-widget-container\">\n\t\t\t\t\t<h3 class=\"elementor-heading-title elementor-size-default\">3.4. Contacto para cuestiones relacionadas con los datos personales<\/h3>\t\t\t\t<\/div>\n\t\t\t\t<\/div>\n\t\t\t\t<div class=\"elementor-element elementor-element-e0c3568 elementor-widget elementor-widget-text-editor\" data-id=\"e0c3568\" data-element_type=\"widget\" data-e-type=\"widget\" data-widget_type=\"text-editor.default\">\n\t\t\t\t<div class=\"elementor-widget-container\">\n\t\t\t\t\t\t\t\t\t<p>Si tiene m\u00e1s preguntas sobre el tratamiento de sus datos personales, o si desea acceder a ellos, rectificarlos o suprimirlos, puede ponerse en contacto con :<\/p>\n<p>Thalent SA<br \/>qse-software Departamento<br \/>Route de Peney 133<br \/>CH-1214 Vernier<br \/>Suiza<\/p>\n<p>en la siguiente direcci\u00f3n\u00a0<a href=\"mailto:hello@qse-software.ch\">hello@qse-software.ch<\/a><\/p>\t\t\t\t\t\t\t\t<\/div>\n\t\t\t\t<\/div>\n\t\t\t\t<div class=\"elementor-element elementor-element-5c2cb20 elementor-widget elementor-widget-heading\" data-id=\"5c2cb20\" data-element_type=\"widget\" data-e-type=\"widget\" data-widget_type=\"heading.default\">\n\t\t\t\t<div class=\"elementor-widget-container\">\n\t\t\t\t\t<h2 class=\"elementor-heading-title elementor-size-default\">4. Exclusi\u00f3n de garant\u00eda y responsabilidad<\/h2>\t\t\t\t<\/div>\n\t\t\t\t<\/div>\n\t\t\t\t<div class=\"elementor-element elementor-element-9583293 elementor-widget elementor-widget-text-editor\" data-id=\"9583293\" data-element_type=\"widget\" data-e-type=\"widget\" data-widget_type=\"text-editor.default\">\n\t\t\t\t<div class=\"elementor-widget-container\">\n\t\t\t\t\t\t\t\t\t<p>No aceptamos responsabilidad alguna por p\u00e9rdidas o da\u00f1os de cualquier tipo que se produzcan a s\u00ed mismos o a terceros por el acceso o el uso del sitio web o de partes del mismo, o causados por enlaces a sitios web de terceros.<\/p>\n<p>Tambi\u00e9n se excluye la responsabilidad por lucro cesante, errores de Internet de cualquier tipo (por ejemplo, interrupciones de la actividad, fallos de funcionamiento, virus, componentes da\u00f1inos, actos de terrorismo, etc.), uso indebido por parte de terceros (acceso a datos, copia, etc.) o p\u00e9rdida de programas u otros datos de sus sistemas de informaci\u00f3n.<\/p>\n<p>Nada de lo contenido en el sitio web constituye una oferta vinculante.<\/p>\n<p>Esta pol\u00edtica de contenidos se aplica exclusivamente al sitio web de Thalent SA, Thalent.com.<\/p>\n<p>Thalent.com contiene enlaces a otros sitios y puede contener contenidos e informaci\u00f3n que no proceden de Thalent SA y sobre los que no tenemos ninguna influencia.<\/p>\n<p>No aceptamos ninguna responsabilidad por la exactitud del contenido de estos sitios, y el operador del sitio web en cuesti\u00f3n es siempre el \u00fanico responsable del contenido de las p\u00e1ginas enlazadas.<\/p>\n<p>Si el usuario abandona nuestro sitio, se aplica la pol\u00edtica de confidencialidad del sitio del tercero. No podemos ofrecer ninguna garant\u00eda en cuanto al uso que el tercero haga de la informaci\u00f3n que el usuario le transmita.<\/p>\n<p>Para m\u00e1s informaci\u00f3n, consulte la pol\u00edtica del sitio que visita.<\/p>\n<p>Del mismo modo, Thalent SA no se hace responsable de los sitios web que enlacen a su propio sitio web, ya sea directamente o a trav\u00e9s de marcos o que utilicen su contenido de cualquier otro modo.<\/p>\t\t\t\t\t\t\t\t<\/div>\n\t\t\t\t<\/div>\n\t\t\t\t<div class=\"elementor-element elementor-element-03457cf elementor-widget elementor-widget-heading\" data-id=\"03457cf\" data-element_type=\"widget\" data-e-type=\"widget\" data-widget_type=\"heading.default\">\n\t\t\t\t<div class=\"elementor-widget-container\">\n\t\t\t\t\t<h2 class=\"elementor-heading-title elementor-size-default\">5. Jurisdicci\u00f3n<\/h2>\t\t\t\t<\/div>\n\t\t\t\t<\/div>\n\t\t\t\t<div class=\"elementor-element elementor-element-fb42f8d elementor-widget elementor-widget-text-editor\" data-id=\"fb42f8d\" data-element_type=\"widget\" data-e-type=\"widget\" data-widget_type=\"text-editor.default\">\n\t\t\t\t<div class=\"elementor-widget-container\">\n\t\t\t\t\t\t\t\t\t<p>Cualquier litigio relativo a la interpretaci\u00f3n o ejecuci\u00f3n de las presentes condiciones de uso se someter\u00e1 al tribunal competente del domicilio del propietario del sitio.<\/p>\t\t\t\t\t\t\t\t<\/div>\n\t\t\t\t<\/div>\n\t\t\t\t\t<\/div>\n\t\t\t\t<\/div>\n\t\t\t\t<\/div>","protected":false},"excerpt":{"rendered":"<p>Conditions d\u2019utilisation et politique de confidentialit\u00e9 1. Introduction Le d\u00e9partement qse-software de Thalent SA (Ci-apr\u00e8s d\u00e9sign\u00e9 par \u00ab Nous \u00bb) se r\u00e9jouit de votre visite sur nos sites Internet et de l\u2019int\u00e9r\u00eat que vous (Visiteur\/utilisateur du site) portez \u00e0 notre entreprise et nos produits. Le pr\u00e9sent document d\u00e9crit les conditions d\u2019utilisation du sites internet\u00a0www.qse-software.ch\u00a0et\u00a0www.sirisplus.ch\u00a0ainsi que [&hellip;]<\/p>\n","protected":false},"author":1,"featured_media":0,"parent":0,"menu_order":0,"comment_status":"closed","ping_status":"closed","template":"elementor_header_footer","meta":{"footnotes":""},"class_list":["post-3","page","type-page","status-publish","hentry"],"_links":{"self":[{"href":"https:\/\/sirisplus.com\/es\/wp-json\/wp\/v2\/pages\/3","targetHints":{"allow":["GET"]}}],"collection":[{"href":"https:\/\/sirisplus.com\/es\/wp-json\/wp\/v2\/pages"}],"about":[{"href":"https:\/\/sirisplus.com\/es\/wp-json\/wp\/v2\/types\/page"}],"author":[{"embeddable":true,"href":"https:\/\/sirisplus.com\/es\/wp-json\/wp\/v2\/users\/1"}],"replies":[{"embeddable":true,"href":"https:\/\/sirisplus.com\/es\/wp-json\/wp\/v2\/comments?post=3"}],"version-history":[{"count":9,"href":"https:\/\/sirisplus.com\/es\/wp-json\/wp\/v2\/pages\/3\/revisions"}],"predecessor-version":[{"id":2279,"href":"https:\/\/sirisplus.com\/es\/wp-json\/wp\/v2\/pages\/3\/revisions\/2279"}],"wp:attachment":[{"href":"https:\/\/sirisplus.com\/es\/wp-json\/wp\/v2\/media?parent=3"}],"curies":[{"name":"wp","href":"https:\/\/api.w.org\/{rel}","templated":true}]}}